{"id":832,"date":"2024-07-22T14:28:28","date_gmt":"2024-07-22T12:28:28","guid":{"rendered":"https:\/\/philsneaker.fr\/?post_type=product&#038;p=832"},"modified":"2026-04-09T16:00:11","modified_gmt":"2026-04-09T14:00:11","slug":"sac-jersey-bulls","status":"publish","type":"product","link":"https:\/\/philsneaker.fr\/index.php\/produit\/sac-jersey-bulls\/","title":{"rendered":"Sac jersey bulls"},"content":{"rendered":"<p>Sac r\u00e9alis\u00e9 \u00e0 partir d&rsquo;un maillot de basketball et fond de sac en \u00e9l\u00e9phant print rouge et noir<br \/>\nPossibilit\u00e9 de le r\u00e9aliser avec n&rsquo;importe quel jersey et fond de sac.<br \/>\nDimension hauteur 26 cm largeur 30 cm doublure en tissu et poche int\u00e9rieure .<br \/>\nLes sacs sont fait sur mesure et \u00e0 la commande<br \/>\nTemps de r\u00e9alisation 2 \u00e0 3 semaines<\/p>\n","protected":false},"excerpt":{"rendered":"<p>Sac r\u00e9alis\u00e9 \u00e0 partir d&rsquo;un maillot de basketball et fond de sac en \u00e9l\u00e9phant print rouge et noir<br \/>\nPossibilit\u00e9 de le r\u00e9aliser avec n&rsquo;importe quel jersey et fond de sac.<br \/>\nDimension hauteur 26 cm largeur 30 cm doublure en tissu et poche int\u00e9rieure .<br \/>\nLes sacs sont fait sur mesure et \u00e0 la commande<br \/>\nTemps de r\u00e9alisation 2 \u00e0 3 semaines<\/p>\n","protected":false},"featured_media":837,"comment_status":"open","ping_status":"closed","template":"","meta":{"_kad_post_transparent":"default","_kad_post_title":"","_kad_post_layout":"default","_kad_post_sidebar_id":"","_kad_post_content_style":"default","_kad_post_vertical_padding":"default","_kad_post_feature":"","_kad_post_feature_position":"","_kad_post_header":false,"_kad_post_footer":false},"product_brand":[],"product_cat":[20,25],"product_tag":[],"class_list":{"0":"post-832","1":"product","2":"type-product","3":"status-publish","4":"has-post-thumbnail","6":"product_cat-accessoires","7":"product_cat-sacs","9":"first","10":"instock","11":"shipping-taxable","12":"purchasable","13":"product-type-simple","14":"entry","15":"content-bg","16":"loop-entry"},"yoast_head":"<!-- This site is optimized with the Yoast SEO plugin v27.4 - https:\/\/yoast.com\/product\/yoast-seo-wordpress\/ -->\n<title>Sac jersey bulls - Phil Sneaker<\/title>\n<meta name=\"robots\" content=\"index, follow, max-snippet:-1, max-image-preview:large, max-video-preview:-1\" \/>\n<link rel=\"canonical\" href=\"https:\/\/philsneaker.fr\/index.php\/produit\/sac-jersey-bulls\/\" \/>\n<meta property=\"og:locale\" content=\"fr_FR\" \/>\n<meta property=\"og:type\" content=\"article\" \/>\n<meta property=\"og:title\" content=\"Sac jersey bulls - Phil Sneaker\" \/>\n<meta property=\"og:description\" content=\"Sac r\u00e9alis\u00e9 \u00e0 partir d&#039;un maillot de basketball et fond de sac en \u00e9l\u00e9phant print rouge et noir Possibilit\u00e9 de le r\u00e9aliser avec n&#039;importe quel jersey et fond de sac. Dimension hauteur 26 cm largeur 30 cm doublure en tissu et poche int\u00e9rieure . Les sacs sont fait sur mesure et \u00e0 la commande Temps de r\u00e9alisation 2 \u00e0 3 semaines\" \/>\n<meta property=\"og:url\" content=\"https:\/\/philsneaker.fr\/index.php\/produit\/sac-jersey-bulls\/\" \/>\n<meta property=\"og:site_name\" content=\"Phil Sneaker\" \/>\n<meta property=\"article:modified_time\" content=\"2026-04-09T14:00:11+00:00\" \/>\n<meta property=\"og:image\" content=\"https:\/\/philsneaker.fr\/wp-content\/uploads\/2024\/07\/Sac-jersey-bulls.webp\" \/>\n\t<meta property=\"og:image:width\" content=\"335\" \/>\n\t<meta property=\"og:image:height\" content=\"745\" \/>\n\t<meta property=\"og:image:type\" content=\"image\/webp\" \/>\n<meta name=\"twitter:card\" content=\"summary_large_image\" \/>\n<meta name=\"twitter:label1\" content=\"Dur\u00e9e de lecture estim\u00e9e\" \/>\n\t<meta name=\"twitter:data1\" content=\"1 minute\" \/>\n<script type=\"application\/ld+json\" class=\"yoast-schema-graph\">{\"@context\":\"https:\\\/\\\/schema.org\",\"@graph\":[{\"@type\":\"WebPage\",\"@id\":\"https:\\\/\\\/philsneaker.fr\\\/index.php\\\/produit\\\/sac-jersey-bulls\\\/\",\"url\":\"https:\\\/\\\/philsneaker.fr\\\/index.php\\\/produit\\\/sac-jersey-bulls\\\/\",\"name\":\"Sac jersey bulls - Phil Sneaker\",\"isPartOf\":{\"@id\":\"https:\\\/\\\/philsneaker.fr\\\/#website\"},\"primaryImageOfPage\":{\"@id\":\"https:\\\/\\\/philsneaker.fr\\\/index.php\\\/produit\\\/sac-jersey-bulls\\\/#primaryimage\"},\"image\":{\"@id\":\"https:\\\/\\\/philsneaker.fr\\\/index.php\\\/produit\\\/sac-jersey-bulls\\\/#primaryimage\"},\"thumbnailUrl\":\"https:\\\/\\\/philsneaker.fr\\\/wp-content\\\/uploads\\\/2024\\\/07\\\/Sac-jersey-bulls.webp\",\"datePublished\":\"2024-07-22T12:28:28+00:00\",\"dateModified\":\"2026-04-09T14:00:11+00:00\",\"breadcrumb\":{\"@id\":\"https:\\\/\\\/philsneaker.fr\\\/index.php\\\/produit\\\/sac-jersey-bulls\\\/#breadcrumb\"},\"inLanguage\":\"fr-FR\",\"potentialAction\":[{\"@type\":\"ReadAction\",\"target\":[\"https:\\\/\\\/philsneaker.fr\\\/index.php\\\/produit\\\/sac-jersey-bulls\\\/\"]}]},{\"@type\":\"ImageObject\",\"inLanguage\":\"fr-FR\",\"@id\":\"https:\\\/\\\/philsneaker.fr\\\/index.php\\\/produit\\\/sac-jersey-bulls\\\/#primaryimage\",\"url\":\"https:\\\/\\\/philsneaker.fr\\\/wp-content\\\/uploads\\\/2024\\\/07\\\/Sac-jersey-bulls.webp\",\"contentUrl\":\"https:\\\/\\\/philsneaker.fr\\\/wp-content\\\/uploads\\\/2024\\\/07\\\/Sac-jersey-bulls.webp\",\"width\":335,\"height\":745},{\"@type\":\"BreadcrumbList\",\"@id\":\"https:\\\/\\\/philsneaker.fr\\\/index.php\\\/produit\\\/sac-jersey-bulls\\\/#breadcrumb\",\"itemListElement\":[{\"@type\":\"ListItem\",\"position\":1,\"name\":\"Accueil\",\"item\":\"https:\\\/\\\/philsneaker.fr\\\/\"},{\"@type\":\"ListItem\",\"position\":2,\"name\":\"Boutique\",\"item\":\"https:\\\/\\\/philsneaker.fr\\\/index.php\\\/boutique\\\/\"},{\"@type\":\"ListItem\",\"position\":3,\"name\":\"Sac jersey bulls\"}]},{\"@type\":\"WebSite\",\"@id\":\"https:\\\/\\\/philsneaker.fr\\\/#website\",\"url\":\"https:\\\/\\\/philsneaker.fr\\\/\",\"name\":\"Phil Sneaker\",\"description\":\"Shoes Restor\",\"publisher\":{\"@id\":\"https:\\\/\\\/philsneaker.fr\\\/#organization\"},\"potentialAction\":[{\"@type\":\"SearchAction\",\"target\":{\"@type\":\"EntryPoint\",\"urlTemplate\":\"https:\\\/\\\/philsneaker.fr\\\/?s={search_term_string}\"},\"query-input\":{\"@type\":\"PropertyValueSpecification\",\"valueRequired\":true,\"valueName\":\"search_term_string\"}}],\"inLanguage\":\"fr-FR\"},{\"@type\":\"Organization\",\"@id\":\"https:\\\/\\\/philsneaker.fr\\\/#organization\",\"name\":\"Phil Sneaker\",\"url\":\"https:\\\/\\\/philsneaker.fr\\\/\",\"logo\":{\"@type\":\"ImageObject\",\"inLanguage\":\"fr-FR\",\"@id\":\"https:\\\/\\\/philsneaker.fr\\\/#\\\/schema\\\/logo\\\/image\\\/\",\"url\":\"https:\\\/\\\/philsneaker.fr\\\/wp-content\\\/uploads\\\/2024\\\/07\\\/cropped-Logo-temp-PS-1-1.png\",\"contentUrl\":\"https:\\\/\\\/philsneaker.fr\\\/wp-content\\\/uploads\\\/2024\\\/07\\\/cropped-Logo-temp-PS-1-1.png\",\"width\":596,\"height\":596,\"caption\":\"Phil Sneaker\"},\"image\":{\"@id\":\"https:\\\/\\\/philsneaker.fr\\\/#\\\/schema\\\/logo\\\/image\\\/\"}}]}<\/script>\n<!-- \/ Yoast SEO plugin. -->","yoast_head_json":{"title":"Sac jersey bulls - Phil Sneaker","robots":{"index":"index","follow":"follow","max-snippet":"max-snippet:-1","max-image-preview":"max-image-preview:large","max-video-preview":"max-video-preview:-1"},"canonical":"https:\/\/philsneaker.fr\/index.php\/produit\/sac-jersey-bulls\/","og_locale":"fr_FR","og_type":"article","og_title":"Sac jersey bulls - Phil Sneaker","og_description":"Sac r\u00e9alis\u00e9 \u00e0 partir d'un maillot de basketball et fond de sac en \u00e9l\u00e9phant print rouge et noir Possibilit\u00e9 de le r\u00e9aliser avec n'importe quel jersey et fond de sac. Dimension hauteur 26 cm largeur 30 cm doublure en tissu et poche int\u00e9rieure . Les sacs sont fait sur mesure et \u00e0 la commande Temps de r\u00e9alisation 2 \u00e0 3 semaines","og_url":"https:\/\/philsneaker.fr\/index.php\/produit\/sac-jersey-bulls\/","og_site_name":"Phil Sneaker","article_modified_time":"2026-04-09T14:00:11+00:00","og_image":[{"width":335,"height":745,"url":"https:\/\/philsneaker.fr\/wp-content\/uploads\/2024\/07\/Sac-jersey-bulls.webp","type":"image\/webp"}],"twitter_card":"summary_large_image","twitter_misc":{"Dur\u00e9e de lecture estim\u00e9e":"1 minute"},"schema":{"@context":"https:\/\/schema.org","@graph":[{"@type":"WebPage","@id":"https:\/\/philsneaker.fr\/index.php\/produit\/sac-jersey-bulls\/","url":"https:\/\/philsneaker.fr\/index.php\/produit\/sac-jersey-bulls\/","name":"Sac jersey bulls - Phil Sneaker","isPartOf":{"@id":"https:\/\/philsneaker.fr\/#website"},"primaryImageOfPage":{"@id":"https:\/\/philsneaker.fr\/index.php\/produit\/sac-jersey-bulls\/#primaryimage"},"image":{"@id":"https:\/\/philsneaker.fr\/index.php\/produit\/sac-jersey-bulls\/#primaryimage"},"thumbnailUrl":"https:\/\/philsneaker.fr\/wp-content\/uploads\/2024\/07\/Sac-jersey-bulls.webp","datePublished":"2024-07-22T12:28:28+00:00","dateModified":"2026-04-09T14:00:11+00:00","breadcrumb":{"@id":"https:\/\/philsneaker.fr\/index.php\/produit\/sac-jersey-bulls\/#breadcrumb"},"inLanguage":"fr-FR","potentialAction":[{"@type":"ReadAction","target":["https:\/\/philsneaker.fr\/index.php\/produit\/sac-jersey-bulls\/"]}]},{"@type":"ImageObject","inLanguage":"fr-FR","@id":"https:\/\/philsneaker.fr\/index.php\/produit\/sac-jersey-bulls\/#primaryimage","url":"https:\/\/philsneaker.fr\/wp-content\/uploads\/2024\/07\/Sac-jersey-bulls.webp","contentUrl":"https:\/\/philsneaker.fr\/wp-content\/uploads\/2024\/07\/Sac-jersey-bulls.webp","width":335,"height":745},{"@type":"BreadcrumbList","@id":"https:\/\/philsneaker.fr\/index.php\/produit\/sac-jersey-bulls\/#breadcrumb","itemListElement":[{"@type":"ListItem","position":1,"name":"Accueil","item":"https:\/\/philsneaker.fr\/"},{"@type":"ListItem","position":2,"name":"Boutique","item":"https:\/\/philsneaker.fr\/index.php\/boutique\/"},{"@type":"ListItem","position":3,"name":"Sac jersey bulls"}]},{"@type":"WebSite","@id":"https:\/\/philsneaker.fr\/#website","url":"https:\/\/philsneaker.fr\/","name":"Phil Sneaker","description":"Shoes Restor","publisher":{"@id":"https:\/\/philsneaker.fr\/#organization"},"potentialAction":[{"@type":"SearchAction","target":{"@type":"EntryPoint","urlTemplate":"https:\/\/philsneaker.fr\/?s={search_term_string}"},"query-input":{"@type":"PropertyValueSpecification","valueRequired":true,"valueName":"search_term_string"}}],"inLanguage":"fr-FR"},{"@type":"Organization","@id":"https:\/\/philsneaker.fr\/#organization","name":"Phil Sneaker","url":"https:\/\/philsneaker.fr\/","logo":{"@type":"ImageObject","inLanguage":"fr-FR","@id":"https:\/\/philsneaker.fr\/#\/schema\/logo\/image\/","url":"https:\/\/philsneaker.fr\/wp-content\/uploads\/2024\/07\/cropped-Logo-temp-PS-1-1.png","contentUrl":"https:\/\/philsneaker.fr\/wp-content\/uploads\/2024\/07\/cropped-Logo-temp-PS-1-1.png","width":596,"height":596,"caption":"Phil Sneaker"},"image":{"@id":"https:\/\/philsneaker.fr\/#\/schema\/logo\/image\/"}}]}},"jetpack_sharing_enabled":true,"_links":{"self":[{"href":"https:\/\/philsneaker.fr\/index.php\/wp-json\/wp\/v2\/product\/832","targetHints":{"allow":["GET"]}}],"collection":[{"href":"https:\/\/philsneaker.fr\/index.php\/wp-json\/wp\/v2\/product"}],"about":[{"href":"https:\/\/philsneaker.fr\/index.php\/wp-json\/wp\/v2\/types\/product"}],"replies":[{"embeddable":true,"href":"https:\/\/philsneaker.fr\/index.php\/wp-json\/wp\/v2\/comments?post=832"}],"wp:featuredmedia":[{"embeddable":true,"href":"https:\/\/philsneaker.fr\/index.php\/wp-json\/wp\/v2\/media\/837"}],"wp:attachment":[{"href":"https:\/\/philsneaker.fr\/index.php\/wp-json\/wp\/v2\/media?parent=832"}],"wp:term":[{"taxonomy":"product_brand","embeddable":true,"href":"https:\/\/philsneaker.fr\/index.php\/wp-json\/wp\/v2\/product_brand?post=832"},{"taxonomy":"product_cat","embeddable":true,"href":"https:\/\/philsneaker.fr\/index.php\/wp-json\/wp\/v2\/product_cat?post=832"},{"taxonomy":"product_tag","embeddable":true,"href":"https:\/\/philsneaker.fr\/index.php\/wp-json\/wp\/v2\/product_tag?post=832"}],"curies":[{"name":"wp","href":"https:\/\/api.w.org\/{rel}","templated":true}]}}