{"id":797,"date":"2024-07-22T11:54:50","date_gmt":"2024-07-22T09:54:50","guid":{"rendered":"https:\/\/philsneaker.fr\/?post_type=product&#038;p=797"},"modified":"2024-07-22T11:54:50","modified_gmt":"2024-07-22T09:54:50","slug":"etui-tablette-sneaker","status":"publish","type":"product","link":"https:\/\/philsneaker.fr\/index.php\/produit\/etui-tablette-sneaker\/","title":{"rendered":"\u00c9tui tablette sneaker"},"content":{"rendered":"<p>\u00c9tui pour tablette aux couleurs de vos sneakers pr\u00e9f\u00e9r\u00e9s<br \/>\nDeux emplacements pour ranger la tablette<br \/>\nEmplacement carte de visite<br \/>\nPorte stylo<br \/>\nDeux rangements papiers<br \/>\nToutes dimensions possibles<br \/>\nFaite en cuir et su\u00e8de premium<\/p>\n","protected":false},"excerpt":{"rendered":"<p>\u00c9tui pour tablette aux couleurs de vos sneakers pr\u00e9f\u00e9r\u00e9s<br \/>\nDeux emplacements pour ranger la tablette<br \/>\nEmplacement carte de visite<br \/>\nPorte stylo<br \/>\nDeux rangements papiers<br \/>\nToutes dimensions possibles<br \/>\nFaite en cuir et su\u00e8de premium<\/p>\n","protected":false},"featured_media":799,"comment_status":"open","ping_status":"closed","template":"","meta":{"_kad_post_transparent":"default","_kad_post_title":"","_kad_post_layout":"default","_kad_post_sidebar_id":"","_kad_post_content_style":"default","_kad_post_vertical_padding":"default","_kad_post_feature":"","_kad_post_feature_position":"","_kad_post_header":false,"_kad_post_footer":false},"product_brand":[],"product_cat":[20,30],"product_tag":[],"class_list":{"0":"post-797","1":"product","2":"type-product","3":"status-publish","4":"has-post-thumbnail","6":"product_cat-accessoires","7":"product_cat-divers","9":"first","10":"instock","11":"shipping-taxable","12":"purchasable","13":"product-type-simple","14":"entry","15":"content-bg","16":"loop-entry"},"yoast_head":"<!-- This site is optimized with the Yoast SEO plugin v27.4 - https:\/\/yoast.com\/product\/yoast-seo-wordpress\/ -->\n<title>\u00c9tui tablette sneaker - Phil Sneaker<\/title>\n<meta name=\"robots\" content=\"index, follow, max-snippet:-1, max-image-preview:large, max-video-preview:-1\" \/>\n<link rel=\"canonical\" href=\"https:\/\/philsneaker.fr\/index.php\/produit\/etui-tablette-sneaker\/\" \/>\n<meta property=\"og:locale\" content=\"fr_FR\" \/>\n<meta property=\"og:type\" content=\"article\" \/>\n<meta property=\"og:title\" content=\"\u00c9tui tablette sneaker - Phil Sneaker\" \/>\n<meta property=\"og:description\" content=\"\u00c9tui pour tablette aux couleurs de vos sneakers pr\u00e9f\u00e9r\u00e9s Deux emplacements pour ranger la tablette Emplacement carte de visite Porte stylo Deux rangements papiers Toutes dimensions possibles Faite en cuir et su\u00e8de premium\" \/>\n<meta property=\"og:url\" content=\"https:\/\/philsneaker.fr\/index.php\/produit\/etui-tablette-sneaker\/\" \/>\n<meta property=\"og:site_name\" content=\"Phil Sneaker\" \/>\n<meta property=\"og:image\" content=\"https:\/\/philsneaker.fr\/wp-content\/uploads\/2024\/07\/Etui-tablette-sneaker.webp\" \/>\n\t<meta property=\"og:image:width\" content=\"700\" \/>\n\t<meta property=\"og:image:height\" content=\"700\" \/>\n\t<meta property=\"og:image:type\" content=\"image\/webp\" \/>\n<meta name=\"twitter:card\" content=\"summary_large_image\" \/>\n<meta name=\"twitter:label1\" content=\"Dur\u00e9e de lecture estim\u00e9e\" \/>\n\t<meta name=\"twitter:data1\" content=\"1 minute\" \/>\n<script type=\"application\/ld+json\" class=\"yoast-schema-graph\">{\"@context\":\"https:\\\/\\\/schema.org\",\"@graph\":[{\"@type\":\"WebPage\",\"@id\":\"https:\\\/\\\/philsneaker.fr\\\/index.php\\\/produit\\\/etui-tablette-sneaker\\\/\",\"url\":\"https:\\\/\\\/philsneaker.fr\\\/index.php\\\/produit\\\/etui-tablette-sneaker\\\/\",\"name\":\"\u00c9tui tablette sneaker - Phil Sneaker\",\"isPartOf\":{\"@id\":\"https:\\\/\\\/philsneaker.fr\\\/#website\"},\"primaryImageOfPage\":{\"@id\":\"https:\\\/\\\/philsneaker.fr\\\/index.php\\\/produit\\\/etui-tablette-sneaker\\\/#primaryimage\"},\"image\":{\"@id\":\"https:\\\/\\\/philsneaker.fr\\\/index.php\\\/produit\\\/etui-tablette-sneaker\\\/#primaryimage\"},\"thumbnailUrl\":\"https:\\\/\\\/philsneaker.fr\\\/wp-content\\\/uploads\\\/2024\\\/07\\\/Etui-tablette-sneaker.webp\",\"datePublished\":\"2024-07-22T09:54:50+00:00\",\"breadcrumb\":{\"@id\":\"https:\\\/\\\/philsneaker.fr\\\/index.php\\\/produit\\\/etui-tablette-sneaker\\\/#breadcrumb\"},\"inLanguage\":\"fr-FR\",\"potentialAction\":[{\"@type\":\"ReadAction\",\"target\":[\"https:\\\/\\\/philsneaker.fr\\\/index.php\\\/produit\\\/etui-tablette-sneaker\\\/\"]}]},{\"@type\":\"ImageObject\",\"inLanguage\":\"fr-FR\",\"@id\":\"https:\\\/\\\/philsneaker.fr\\\/index.php\\\/produit\\\/etui-tablette-sneaker\\\/#primaryimage\",\"url\":\"https:\\\/\\\/philsneaker.fr\\\/wp-content\\\/uploads\\\/2024\\\/07\\\/Etui-tablette-sneaker.webp\",\"contentUrl\":\"https:\\\/\\\/philsneaker.fr\\\/wp-content\\\/uploads\\\/2024\\\/07\\\/Etui-tablette-sneaker.webp\",\"width\":700,\"height\":700},{\"@type\":\"BreadcrumbList\",\"@id\":\"https:\\\/\\\/philsneaker.fr\\\/index.php\\\/produit\\\/etui-tablette-sneaker\\\/#breadcrumb\",\"itemListElement\":[{\"@type\":\"ListItem\",\"position\":1,\"name\":\"Accueil\",\"item\":\"https:\\\/\\\/philsneaker.fr\\\/\"},{\"@type\":\"ListItem\",\"position\":2,\"name\":\"Boutique\",\"item\":\"https:\\\/\\\/philsneaker.fr\\\/index.php\\\/boutique\\\/\"},{\"@type\":\"ListItem\",\"position\":3,\"name\":\"\u00c9tui tablette sneaker\"}]},{\"@type\":\"WebSite\",\"@id\":\"https:\\\/\\\/philsneaker.fr\\\/#website\",\"url\":\"https:\\\/\\\/philsneaker.fr\\\/\",\"name\":\"Phil Sneaker\",\"description\":\"Shoes Restor\",\"publisher\":{\"@id\":\"https:\\\/\\\/philsneaker.fr\\\/#organization\"},\"potentialAction\":[{\"@type\":\"SearchAction\",\"target\":{\"@type\":\"EntryPoint\",\"urlTemplate\":\"https:\\\/\\\/philsneaker.fr\\\/?s={search_term_string}\"},\"query-input\":{\"@type\":\"PropertyValueSpecification\",\"valueRequired\":true,\"valueName\":\"search_term_string\"}}],\"inLanguage\":\"fr-FR\"},{\"@type\":\"Organization\",\"@id\":\"https:\\\/\\\/philsneaker.fr\\\/#organization\",\"name\":\"Phil Sneaker\",\"url\":\"https:\\\/\\\/philsneaker.fr\\\/\",\"logo\":{\"@type\":\"ImageObject\",\"inLanguage\":\"fr-FR\",\"@id\":\"https:\\\/\\\/philsneaker.fr\\\/#\\\/schema\\\/logo\\\/image\\\/\",\"url\":\"https:\\\/\\\/philsneaker.fr\\\/wp-content\\\/uploads\\\/2024\\\/07\\\/cropped-Logo-temp-PS-1-1.png\",\"contentUrl\":\"https:\\\/\\\/philsneaker.fr\\\/wp-content\\\/uploads\\\/2024\\\/07\\\/cropped-Logo-temp-PS-1-1.png\",\"width\":596,\"height\":596,\"caption\":\"Phil Sneaker\"},\"image\":{\"@id\":\"https:\\\/\\\/philsneaker.fr\\\/#\\\/schema\\\/logo\\\/image\\\/\"}}]}<\/script>\n<!-- \/ Yoast SEO plugin. -->","yoast_head_json":{"title":"\u00c9tui tablette sneaker - Phil Sneaker","robots":{"index":"index","follow":"follow","max-snippet":"max-snippet:-1","max-image-preview":"max-image-preview:large","max-video-preview":"max-video-preview:-1"},"canonical":"https:\/\/philsneaker.fr\/index.php\/produit\/etui-tablette-sneaker\/","og_locale":"fr_FR","og_type":"article","og_title":"\u00c9tui tablette sneaker - Phil Sneaker","og_description":"\u00c9tui pour tablette aux couleurs de vos sneakers pr\u00e9f\u00e9r\u00e9s Deux emplacements pour ranger la tablette Emplacement carte de visite Porte stylo Deux rangements papiers Toutes dimensions possibles Faite en cuir et su\u00e8de premium","og_url":"https:\/\/philsneaker.fr\/index.php\/produit\/etui-tablette-sneaker\/","og_site_name":"Phil Sneaker","og_image":[{"width":700,"height":700,"url":"https:\/\/philsneaker.fr\/wp-content\/uploads\/2024\/07\/Etui-tablette-sneaker.webp","type":"image\/webp"}],"twitter_card":"summary_large_image","twitter_misc":{"Dur\u00e9e de lecture estim\u00e9e":"1 minute"},"schema":{"@context":"https:\/\/schema.org","@graph":[{"@type":"WebPage","@id":"https:\/\/philsneaker.fr\/index.php\/produit\/etui-tablette-sneaker\/","url":"https:\/\/philsneaker.fr\/index.php\/produit\/etui-tablette-sneaker\/","name":"\u00c9tui tablette sneaker - Phil Sneaker","isPartOf":{"@id":"https:\/\/philsneaker.fr\/#website"},"primaryImageOfPage":{"@id":"https:\/\/philsneaker.fr\/index.php\/produit\/etui-tablette-sneaker\/#primaryimage"},"image":{"@id":"https:\/\/philsneaker.fr\/index.php\/produit\/etui-tablette-sneaker\/#primaryimage"},"thumbnailUrl":"https:\/\/philsneaker.fr\/wp-content\/uploads\/2024\/07\/Etui-tablette-sneaker.webp","datePublished":"2024-07-22T09:54:50+00:00","breadcrumb":{"@id":"https:\/\/philsneaker.fr\/index.php\/produit\/etui-tablette-sneaker\/#breadcrumb"},"inLanguage":"fr-FR","potentialAction":[{"@type":"ReadAction","target":["https:\/\/philsneaker.fr\/index.php\/produit\/etui-tablette-sneaker\/"]}]},{"@type":"ImageObject","inLanguage":"fr-FR","@id":"https:\/\/philsneaker.fr\/index.php\/produit\/etui-tablette-sneaker\/#primaryimage","url":"https:\/\/philsneaker.fr\/wp-content\/uploads\/2024\/07\/Etui-tablette-sneaker.webp","contentUrl":"https:\/\/philsneaker.fr\/wp-content\/uploads\/2024\/07\/Etui-tablette-sneaker.webp","width":700,"height":700},{"@type":"BreadcrumbList","@id":"https:\/\/philsneaker.fr\/index.php\/produit\/etui-tablette-sneaker\/#breadcrumb","itemListElement":[{"@type":"ListItem","position":1,"name":"Accueil","item":"https:\/\/philsneaker.fr\/"},{"@type":"ListItem","position":2,"name":"Boutique","item":"https:\/\/philsneaker.fr\/index.php\/boutique\/"},{"@type":"ListItem","position":3,"name":"\u00c9tui tablette sneaker"}]},{"@type":"WebSite","@id":"https:\/\/philsneaker.fr\/#website","url":"https:\/\/philsneaker.fr\/","name":"Phil Sneaker","description":"Shoes Restor","publisher":{"@id":"https:\/\/philsneaker.fr\/#organization"},"potentialAction":[{"@type":"SearchAction","target":{"@type":"EntryPoint","urlTemplate":"https:\/\/philsneaker.fr\/?s={search_term_string}"},"query-input":{"@type":"PropertyValueSpecification","valueRequired":true,"valueName":"search_term_string"}}],"inLanguage":"fr-FR"},{"@type":"Organization","@id":"https:\/\/philsneaker.fr\/#organization","name":"Phil Sneaker","url":"https:\/\/philsneaker.fr\/","logo":{"@type":"ImageObject","inLanguage":"fr-FR","@id":"https:\/\/philsneaker.fr\/#\/schema\/logo\/image\/","url":"https:\/\/philsneaker.fr\/wp-content\/uploads\/2024\/07\/cropped-Logo-temp-PS-1-1.png","contentUrl":"https:\/\/philsneaker.fr\/wp-content\/uploads\/2024\/07\/cropped-Logo-temp-PS-1-1.png","width":596,"height":596,"caption":"Phil Sneaker"},"image":{"@id":"https:\/\/philsneaker.fr\/#\/schema\/logo\/image\/"}}]}},"jetpack_sharing_enabled":true,"_links":{"self":[{"href":"https:\/\/philsneaker.fr\/index.php\/wp-json\/wp\/v2\/product\/797","targetHints":{"allow":["GET"]}}],"collection":[{"href":"https:\/\/philsneaker.fr\/index.php\/wp-json\/wp\/v2\/product"}],"about":[{"href":"https:\/\/philsneaker.fr\/index.php\/wp-json\/wp\/v2\/types\/product"}],"replies":[{"embeddable":true,"href":"https:\/\/philsneaker.fr\/index.php\/wp-json\/wp\/v2\/comments?post=797"}],"wp:featuredmedia":[{"embeddable":true,"href":"https:\/\/philsneaker.fr\/index.php\/wp-json\/wp\/v2\/media\/799"}],"wp:attachment":[{"href":"https:\/\/philsneaker.fr\/index.php\/wp-json\/wp\/v2\/media?parent=797"}],"wp:term":[{"taxonomy":"product_brand","embeddable":true,"href":"https:\/\/philsneaker.fr\/index.php\/wp-json\/wp\/v2\/product_brand?post=797"},{"taxonomy":"product_cat","embeddable":true,"href":"https:\/\/philsneaker.fr\/index.php\/wp-json\/wp\/v2\/product_cat?post=797"},{"taxonomy":"product_tag","embeddable":true,"href":"https:\/\/philsneaker.fr\/index.php\/wp-json\/wp\/v2\/product_tag?post=797"}],"curies":[{"name":"wp","href":"https:\/\/api.w.org\/{rel}","templated":true}]}}