{"id":544,"date":"2024-07-18T17:17:51","date_gmt":"2024-07-18T15:17:51","guid":{"rendered":"https:\/\/philsneaker.fr\/?post_type=product&#038;p=544"},"modified":"2024-07-18T17:17:51","modified_gmt":"2024-07-18T15:17:51","slug":"bulls-chicago-varsity-jacket","status":"publish","type":"product","link":"https:\/\/philsneaker.fr\/index.php\/produit\/bulls-chicago-varsity-jacket\/","title":{"rendered":"Bulls Chicago Varsity jacket"},"content":{"rendered":"<p>Corps 100% laine<br \/>\nManches en cuir v\u00e9ritable<br \/>\nLogos brod\u00e9s de haute qualit\u00e9<br \/>\nParfait pour accompagner votre \u00e9quipe de basket pr\u00e9f\u00e9r\u00e9e<br \/>\nReportez vous au tableau des tailles pour conna\u00eetre votre taille<br \/>\nTaille tts<\/p>\n","protected":false},"excerpt":{"rendered":"<p>Corps 100% laine<br \/>\nManches en cuir v\u00e9ritable<br \/>\nLogos brod\u00e9s de haute qualit\u00e9<br \/>\nParfait pour accompagner votre \u00e9quipe de basket pr\u00e9f\u00e9r\u00e9e<br \/>\nReportez-vous au tableau des tailles pour conna\u00eetre votre taille<br \/>\nTaille tts<\/p>\n<p>Les vestes sont en pr\u00e9-commandes 4 \u00e0 5 semaines de livraison<br \/>\nExp\u00e9dition dans le monde entier<\/p>\n","protected":false},"featured_media":552,"comment_status":"open","ping_status":"closed","template":"","meta":{"_kad_post_transparent":"default","_kad_post_title":"","_kad_post_layout":"default","_kad_post_sidebar_id":"","_kad_post_content_style":"default","_kad_post_vertical_padding":"default","_kad_post_feature":"","_kad_post_feature_position":"","_kad_post_header":false,"_kad_post_footer":false},"product_brand":[],"product_cat":[19,21],"product_tag":[],"class_list":{"0":"post-544","1":"product","2":"type-product","3":"status-publish","4":"has-post-thumbnail","6":"product_cat-vestes","7":"product_cat-vetements","9":"first","10":"instock","11":"shipping-taxable","12":"purchasable","13":"product-type-variable","14":"entry","15":"content-bg","16":"loop-entry"},"yoast_head":"<!-- This site is optimized with the Yoast SEO plugin v27.4 - https:\/\/yoast.com\/product\/yoast-seo-wordpress\/ -->\n<title>Bulls Chicago Varsity jacket - Phil Sneaker<\/title>\n<meta name=\"robots\" content=\"index, follow, max-snippet:-1, max-image-preview:large, max-video-preview:-1\" \/>\n<link rel=\"canonical\" href=\"https:\/\/philsneaker.fr\/index.php\/produit\/bulls-chicago-varsity-jacket\/\" \/>\n<meta property=\"og:locale\" content=\"fr_FR\" \/>\n<meta property=\"og:type\" content=\"article\" \/>\n<meta property=\"og:title\" content=\"Bulls Chicago Varsity jacket - Phil Sneaker\" \/>\n<meta property=\"og:description\" content=\"Corps 100% laine Manches en cuir v\u00e9ritable Logos brod\u00e9s de haute qualit\u00e9 Parfait pour accompagner votre \u00e9quipe de basket pr\u00e9f\u00e9r\u00e9e Reportez-vous au tableau des tailles pour conna\u00eetre votre taille Taille tts  Les vestes sont en pr\u00e9-commandes 4 \u00e0 5 semaines de livraison Exp\u00e9dition dans le monde entier\" \/>\n<meta property=\"og:url\" content=\"https:\/\/philsneaker.fr\/index.php\/produit\/bulls-chicago-varsity-jacket\/\" \/>\n<meta property=\"og:site_name\" content=\"Phil Sneaker\" \/>\n<meta property=\"og:image\" content=\"https:\/\/philsneaker.fr\/wp-content\/uploads\/2024\/07\/Bulls-Chicago-varsity-jacket-scaled.webp\" \/>\n\t<meta property=\"og:image:width\" content=\"1928\" \/>\n\t<meta property=\"og:image:height\" content=\"2560\" \/>\n\t<meta property=\"og:image:type\" content=\"image\/webp\" \/>\n<meta name=\"twitter:card\" content=\"summary_large_image\" \/>\n<meta name=\"twitter:label1\" content=\"Dur\u00e9e de lecture estim\u00e9e\" \/>\n\t<meta name=\"twitter:data1\" content=\"1 minute\" \/>\n<script type=\"application\/ld+json\" class=\"yoast-schema-graph\">{\"@context\":\"https:\\\/\\\/schema.org\",\"@graph\":[{\"@type\":\"WebPage\",\"@id\":\"https:\\\/\\\/philsneaker.fr\\\/index.php\\\/produit\\\/bulls-chicago-varsity-jacket\\\/\",\"url\":\"https:\\\/\\\/philsneaker.fr\\\/index.php\\\/produit\\\/bulls-chicago-varsity-jacket\\\/\",\"name\":\"Bulls Chicago Varsity jacket - Phil Sneaker\",\"isPartOf\":{\"@id\":\"https:\\\/\\\/philsneaker.fr\\\/#website\"},\"primaryImageOfPage\":{\"@id\":\"https:\\\/\\\/philsneaker.fr\\\/index.php\\\/produit\\\/bulls-chicago-varsity-jacket\\\/#primaryimage\"},\"image\":{\"@id\":\"https:\\\/\\\/philsneaker.fr\\\/index.php\\\/produit\\\/bulls-chicago-varsity-jacket\\\/#primaryimage\"},\"thumbnailUrl\":\"https:\\\/\\\/philsneaker.fr\\\/wp-content\\\/uploads\\\/2024\\\/07\\\/Bulls-Chicago-varsity-jacket-scaled.webp\",\"datePublished\":\"2024-07-18T15:17:51+00:00\",\"breadcrumb\":{\"@id\":\"https:\\\/\\\/philsneaker.fr\\\/index.php\\\/produit\\\/bulls-chicago-varsity-jacket\\\/#breadcrumb\"},\"inLanguage\":\"fr-FR\",\"potentialAction\":[{\"@type\":\"ReadAction\",\"target\":[\"https:\\\/\\\/philsneaker.fr\\\/index.php\\\/produit\\\/bulls-chicago-varsity-jacket\\\/\"]}]},{\"@type\":\"ImageObject\",\"inLanguage\":\"fr-FR\",\"@id\":\"https:\\\/\\\/philsneaker.fr\\\/index.php\\\/produit\\\/bulls-chicago-varsity-jacket\\\/#primaryimage\",\"url\":\"https:\\\/\\\/philsneaker.fr\\\/wp-content\\\/uploads\\\/2024\\\/07\\\/Bulls-Chicago-varsity-jacket-scaled.webp\",\"contentUrl\":\"https:\\\/\\\/philsneaker.fr\\\/wp-content\\\/uploads\\\/2024\\\/07\\\/Bulls-Chicago-varsity-jacket-scaled.webp\",\"width\":1928,\"height\":2560},{\"@type\":\"BreadcrumbList\",\"@id\":\"https:\\\/\\\/philsneaker.fr\\\/index.php\\\/produit\\\/bulls-chicago-varsity-jacket\\\/#breadcrumb\",\"itemListElement\":[{\"@type\":\"ListItem\",\"position\":1,\"name\":\"Accueil\",\"item\":\"https:\\\/\\\/philsneaker.fr\\\/\"},{\"@type\":\"ListItem\",\"position\":2,\"name\":\"Boutique\",\"item\":\"https:\\\/\\\/philsneaker.fr\\\/index.php\\\/boutique\\\/\"},{\"@type\":\"ListItem\",\"position\":3,\"name\":\"Bulls Chicago Varsity jacket\"}]},{\"@type\":\"WebSite\",\"@id\":\"https:\\\/\\\/philsneaker.fr\\\/#website\",\"url\":\"https:\\\/\\\/philsneaker.fr\\\/\",\"name\":\"Phil Sneaker\",\"description\":\"Shoes Restor\",\"publisher\":{\"@id\":\"https:\\\/\\\/philsneaker.fr\\\/#organization\"},\"potentialAction\":[{\"@type\":\"SearchAction\",\"target\":{\"@type\":\"EntryPoint\",\"urlTemplate\":\"https:\\\/\\\/philsneaker.fr\\\/?s={search_term_string}\"},\"query-input\":{\"@type\":\"PropertyValueSpecification\",\"valueRequired\":true,\"valueName\":\"search_term_string\"}}],\"inLanguage\":\"fr-FR\"},{\"@type\":\"Organization\",\"@id\":\"https:\\\/\\\/philsneaker.fr\\\/#organization\",\"name\":\"Phil Sneaker\",\"url\":\"https:\\\/\\\/philsneaker.fr\\\/\",\"logo\":{\"@type\":\"ImageObject\",\"inLanguage\":\"fr-FR\",\"@id\":\"https:\\\/\\\/philsneaker.fr\\\/#\\\/schema\\\/logo\\\/image\\\/\",\"url\":\"https:\\\/\\\/philsneaker.fr\\\/wp-content\\\/uploads\\\/2024\\\/07\\\/cropped-Logo-temp-PS-1-1.png\",\"contentUrl\":\"https:\\\/\\\/philsneaker.fr\\\/wp-content\\\/uploads\\\/2024\\\/07\\\/cropped-Logo-temp-PS-1-1.png\",\"width\":596,\"height\":596,\"caption\":\"Phil Sneaker\"},\"image\":{\"@id\":\"https:\\\/\\\/philsneaker.fr\\\/#\\\/schema\\\/logo\\\/image\\\/\"}}]}<\/script>\n<!-- \/ Yoast SEO plugin. -->","yoast_head_json":{"title":"Bulls Chicago Varsity jacket - Phil Sneaker","robots":{"index":"index","follow":"follow","max-snippet":"max-snippet:-1","max-image-preview":"max-image-preview:large","max-video-preview":"max-video-preview:-1"},"canonical":"https:\/\/philsneaker.fr\/index.php\/produit\/bulls-chicago-varsity-jacket\/","og_locale":"fr_FR","og_type":"article","og_title":"Bulls Chicago Varsity jacket - Phil Sneaker","og_description":"Corps 100% laine Manches en cuir v\u00e9ritable Logos brod\u00e9s de haute qualit\u00e9 Parfait pour accompagner votre \u00e9quipe de basket pr\u00e9f\u00e9r\u00e9e Reportez-vous au tableau des tailles pour conna\u00eetre votre taille Taille tts  Les vestes sont en pr\u00e9-commandes 4 \u00e0 5 semaines de livraison Exp\u00e9dition dans le monde entier","og_url":"https:\/\/philsneaker.fr\/index.php\/produit\/bulls-chicago-varsity-jacket\/","og_site_name":"Phil Sneaker","og_image":[{"width":1928,"height":2560,"url":"https:\/\/philsneaker.fr\/wp-content\/uploads\/2024\/07\/Bulls-Chicago-varsity-jacket-scaled.webp","type":"image\/webp"}],"twitter_card":"summary_large_image","twitter_misc":{"Dur\u00e9e de lecture estim\u00e9e":"1 minute"},"schema":{"@context":"https:\/\/schema.org","@graph":[{"@type":"WebPage","@id":"https:\/\/philsneaker.fr\/index.php\/produit\/bulls-chicago-varsity-jacket\/","url":"https:\/\/philsneaker.fr\/index.php\/produit\/bulls-chicago-varsity-jacket\/","name":"Bulls Chicago Varsity jacket - Phil Sneaker","isPartOf":{"@id":"https:\/\/philsneaker.fr\/#website"},"primaryImageOfPage":{"@id":"https:\/\/philsneaker.fr\/index.php\/produit\/bulls-chicago-varsity-jacket\/#primaryimage"},"image":{"@id":"https:\/\/philsneaker.fr\/index.php\/produit\/bulls-chicago-varsity-jacket\/#primaryimage"},"thumbnailUrl":"https:\/\/philsneaker.fr\/wp-content\/uploads\/2024\/07\/Bulls-Chicago-varsity-jacket-scaled.webp","datePublished":"2024-07-18T15:17:51+00:00","breadcrumb":{"@id":"https:\/\/philsneaker.fr\/index.php\/produit\/bulls-chicago-varsity-jacket\/#breadcrumb"},"inLanguage":"fr-FR","potentialAction":[{"@type":"ReadAction","target":["https:\/\/philsneaker.fr\/index.php\/produit\/bulls-chicago-varsity-jacket\/"]}]},{"@type":"ImageObject","inLanguage":"fr-FR","@id":"https:\/\/philsneaker.fr\/index.php\/produit\/bulls-chicago-varsity-jacket\/#primaryimage","url":"https:\/\/philsneaker.fr\/wp-content\/uploads\/2024\/07\/Bulls-Chicago-varsity-jacket-scaled.webp","contentUrl":"https:\/\/philsneaker.fr\/wp-content\/uploads\/2024\/07\/Bulls-Chicago-varsity-jacket-scaled.webp","width":1928,"height":2560},{"@type":"BreadcrumbList","@id":"https:\/\/philsneaker.fr\/index.php\/produit\/bulls-chicago-varsity-jacket\/#breadcrumb","itemListElement":[{"@type":"ListItem","position":1,"name":"Accueil","item":"https:\/\/philsneaker.fr\/"},{"@type":"ListItem","position":2,"name":"Boutique","item":"https:\/\/philsneaker.fr\/index.php\/boutique\/"},{"@type":"ListItem","position":3,"name":"Bulls Chicago Varsity jacket"}]},{"@type":"WebSite","@id":"https:\/\/philsneaker.fr\/#website","url":"https:\/\/philsneaker.fr\/","name":"Phil Sneaker","description":"Shoes Restor","publisher":{"@id":"https:\/\/philsneaker.fr\/#organization"},"potentialAction":[{"@type":"SearchAction","target":{"@type":"EntryPoint","urlTemplate":"https:\/\/philsneaker.fr\/?s={search_term_string}"},"query-input":{"@type":"PropertyValueSpecification","valueRequired":true,"valueName":"search_term_string"}}],"inLanguage":"fr-FR"},{"@type":"Organization","@id":"https:\/\/philsneaker.fr\/#organization","name":"Phil Sneaker","url":"https:\/\/philsneaker.fr\/","logo":{"@type":"ImageObject","inLanguage":"fr-FR","@id":"https:\/\/philsneaker.fr\/#\/schema\/logo\/image\/","url":"https:\/\/philsneaker.fr\/wp-content\/uploads\/2024\/07\/cropped-Logo-temp-PS-1-1.png","contentUrl":"https:\/\/philsneaker.fr\/wp-content\/uploads\/2024\/07\/cropped-Logo-temp-PS-1-1.png","width":596,"height":596,"caption":"Phil Sneaker"},"image":{"@id":"https:\/\/philsneaker.fr\/#\/schema\/logo\/image\/"}}]}},"jetpack_sharing_enabled":true,"_links":{"self":[{"href":"https:\/\/philsneaker.fr\/index.php\/wp-json\/wp\/v2\/product\/544","targetHints":{"allow":["GET"]}}],"collection":[{"href":"https:\/\/philsneaker.fr\/index.php\/wp-json\/wp\/v2\/product"}],"about":[{"href":"https:\/\/philsneaker.fr\/index.php\/wp-json\/wp\/v2\/types\/product"}],"replies":[{"embeddable":true,"href":"https:\/\/philsneaker.fr\/index.php\/wp-json\/wp\/v2\/comments?post=544"}],"wp:featuredmedia":[{"embeddable":true,"href":"https:\/\/philsneaker.fr\/index.php\/wp-json\/wp\/v2\/media\/552"}],"wp:attachment":[{"href":"https:\/\/philsneaker.fr\/index.php\/wp-json\/wp\/v2\/media?parent=544"}],"wp:term":[{"taxonomy":"product_brand","embeddable":true,"href":"https:\/\/philsneaker.fr\/index.php\/wp-json\/wp\/v2\/product_brand?post=544"},{"taxonomy":"product_cat","embeddable":true,"href":"https:\/\/philsneaker.fr\/index.php\/wp-json\/wp\/v2\/product_cat?post=544"},{"taxonomy":"product_tag","embeddable":true,"href":"https:\/\/philsneaker.fr\/index.php\/wp-json\/wp\/v2\/product_tag?post=544"}],"curies":[{"name":"wp","href":"https:\/\/api.w.org\/{rel}","templated":true}]}}