{"id":532,"date":"2024-07-18T17:06:24","date_gmt":"2024-07-18T15:06:24","guid":{"rendered":"https:\/\/philsneaker.fr\/?post_type=product&#038;p=532"},"modified":"2024-07-18T17:06:25","modified_gmt":"2024-07-18T15:06:25","slug":"varsity-jacket-city-of-dreams-blue","status":"publish","type":"product","link":"https:\/\/philsneaker.fr\/index.php\/produit\/varsity-jacket-city-of-dreams-blue\/","title":{"rendered":"Varsity jacket city of Dreams blue"},"content":{"rendered":"<p>100% Whool corps et manches<br \/>\nLogos brod\u00e9s de haute qualit\u00e9<br \/>\nParfait pour s&rsquo;associer \u00e0 votre \u00e9quipe sportive pr\u00e9f\u00e9r\u00e9e de NYC<br \/>\nReportez-vous au tableau des tailles pour conna\u00eetre votre taille<br \/>\nTaille tts<\/p>\n<p>Les vestes sont en pr\u00e9-commandes 4 \u00e0 5 semaines de livraison<\/p>\n<p>Pictogramme d&rsquo;exp\u00e9dition mondiale<\/p>\n","protected":false},"excerpt":{"rendered":"<p>100% Whool corps et manches<br \/>\nLogos brod\u00e9s de haute qualit\u00e9<br \/>\nParfait pour s&rsquo;associer \u00e0 votre \u00e9quipe sportive pr\u00e9f\u00e9r\u00e9e de NYC<br \/>\nReportez-vous au tableau des tailles pour conna\u00eetre votre taille<br \/>\nTaille tts<\/p>\n","protected":false},"featured_media":543,"comment_status":"open","ping_status":"closed","template":"","meta":{"_kad_post_transparent":"default","_kad_post_title":"","_kad_post_layout":"default","_kad_post_sidebar_id":"","_kad_post_content_style":"default","_kad_post_vertical_padding":"default","_kad_post_feature":"","_kad_post_feature_position":"","_kad_post_header":false,"_kad_post_footer":false},"product_brand":[],"product_cat":[19,21],"product_tag":[],"class_list":{"0":"post-532","1":"product","2":"type-product","3":"status-publish","4":"has-post-thumbnail","6":"product_cat-vestes","7":"product_cat-vetements","9":"first","10":"instock","11":"shipping-taxable","12":"purchasable","13":"product-type-variable","14":"entry","15":"content-bg","16":"loop-entry"},"yoast_head":"<!-- This site is optimized with the Yoast SEO plugin v27.4 - https:\/\/yoast.com\/product\/yoast-seo-wordpress\/ -->\n<title>Varsity jacket city of Dreams blue - Phil Sneaker<\/title>\n<meta name=\"robots\" content=\"index, follow, max-snippet:-1, max-image-preview:large, max-video-preview:-1\" \/>\n<link rel=\"canonical\" href=\"https:\/\/philsneaker.fr\/index.php\/produit\/varsity-jacket-city-of-dreams-blue\/\" \/>\n<meta property=\"og:locale\" content=\"fr_FR\" \/>\n<meta property=\"og:type\" content=\"article\" \/>\n<meta property=\"og:title\" content=\"Varsity jacket city of Dreams blue - Phil Sneaker\" \/>\n<meta property=\"og:description\" content=\"100% Whool corps et manches Logos brod\u00e9s de haute qualit\u00e9 Parfait pour s&#039;associer \u00e0 votre \u00e9quipe sportive pr\u00e9f\u00e9r\u00e9e de NYC Reportez-vous au tableau des tailles pour conna\u00eetre votre taille Taille tts\" \/>\n<meta property=\"og:url\" content=\"https:\/\/philsneaker.fr\/index.php\/produit\/varsity-jacket-city-of-dreams-blue\/\" \/>\n<meta property=\"og:site_name\" content=\"Phil Sneaker\" \/>\n<meta property=\"article:modified_time\" content=\"2024-07-18T15:06:25+00:00\" \/>\n<meta property=\"og:image\" content=\"https:\/\/philsneaker.fr\/wp-content\/uploads\/2024\/07\/varsity-blue-jacket.webp\" \/>\n\t<meta property=\"og:image:width\" content=\"700\" \/>\n\t<meta property=\"og:image:height\" content=\"961\" \/>\n\t<meta property=\"og:image:type\" content=\"image\/webp\" \/>\n<meta name=\"twitter:card\" content=\"summary_large_image\" \/>\n<meta name=\"twitter:label1\" content=\"Dur\u00e9e de lecture estim\u00e9e\" \/>\n\t<meta name=\"twitter:data1\" content=\"1 minute\" \/>\n<script type=\"application\/ld+json\" class=\"yoast-schema-graph\">{\"@context\":\"https:\\\/\\\/schema.org\",\"@graph\":[{\"@type\":\"WebPage\",\"@id\":\"https:\\\/\\\/philsneaker.fr\\\/index.php\\\/produit\\\/varsity-jacket-city-of-dreams-blue\\\/\",\"url\":\"https:\\\/\\\/philsneaker.fr\\\/index.php\\\/produit\\\/varsity-jacket-city-of-dreams-blue\\\/\",\"name\":\"Varsity jacket city of Dreams blue - Phil Sneaker\",\"isPartOf\":{\"@id\":\"https:\\\/\\\/philsneaker.fr\\\/#website\"},\"primaryImageOfPage\":{\"@id\":\"https:\\\/\\\/philsneaker.fr\\\/index.php\\\/produit\\\/varsity-jacket-city-of-dreams-blue\\\/#primaryimage\"},\"image\":{\"@id\":\"https:\\\/\\\/philsneaker.fr\\\/index.php\\\/produit\\\/varsity-jacket-city-of-dreams-blue\\\/#primaryimage\"},\"thumbnailUrl\":\"https:\\\/\\\/philsneaker.fr\\\/wp-content\\\/uploads\\\/2024\\\/07\\\/varsity-blue-jacket.webp\",\"datePublished\":\"2024-07-18T15:06:24+00:00\",\"dateModified\":\"2024-07-18T15:06:25+00:00\",\"breadcrumb\":{\"@id\":\"https:\\\/\\\/philsneaker.fr\\\/index.php\\\/produit\\\/varsity-jacket-city-of-dreams-blue\\\/#breadcrumb\"},\"inLanguage\":\"fr-FR\",\"potentialAction\":[{\"@type\":\"ReadAction\",\"target\":[\"https:\\\/\\\/philsneaker.fr\\\/index.php\\\/produit\\\/varsity-jacket-city-of-dreams-blue\\\/\"]}]},{\"@type\":\"ImageObject\",\"inLanguage\":\"fr-FR\",\"@id\":\"https:\\\/\\\/philsneaker.fr\\\/index.php\\\/produit\\\/varsity-jacket-city-of-dreams-blue\\\/#primaryimage\",\"url\":\"https:\\\/\\\/philsneaker.fr\\\/wp-content\\\/uploads\\\/2024\\\/07\\\/varsity-blue-jacket.webp\",\"contentUrl\":\"https:\\\/\\\/philsneaker.fr\\\/wp-content\\\/uploads\\\/2024\\\/07\\\/varsity-blue-jacket.webp\",\"width\":700,\"height\":961},{\"@type\":\"BreadcrumbList\",\"@id\":\"https:\\\/\\\/philsneaker.fr\\\/index.php\\\/produit\\\/varsity-jacket-city-of-dreams-blue\\\/#breadcrumb\",\"itemListElement\":[{\"@type\":\"ListItem\",\"position\":1,\"name\":\"Accueil\",\"item\":\"https:\\\/\\\/philsneaker.fr\\\/\"},{\"@type\":\"ListItem\",\"position\":2,\"name\":\"Boutique\",\"item\":\"https:\\\/\\\/philsneaker.fr\\\/index.php\\\/boutique\\\/\"},{\"@type\":\"ListItem\",\"position\":3,\"name\":\"Varsity jacket city of Dreams blue\"}]},{\"@type\":\"WebSite\",\"@id\":\"https:\\\/\\\/philsneaker.fr\\\/#website\",\"url\":\"https:\\\/\\\/philsneaker.fr\\\/\",\"name\":\"Phil Sneaker\",\"description\":\"Shoes Restor\",\"publisher\":{\"@id\":\"https:\\\/\\\/philsneaker.fr\\\/#organization\"},\"potentialAction\":[{\"@type\":\"SearchAction\",\"target\":{\"@type\":\"EntryPoint\",\"urlTemplate\":\"https:\\\/\\\/philsneaker.fr\\\/?s={search_term_string}\"},\"query-input\":{\"@type\":\"PropertyValueSpecification\",\"valueRequired\":true,\"valueName\":\"search_term_string\"}}],\"inLanguage\":\"fr-FR\"},{\"@type\":\"Organization\",\"@id\":\"https:\\\/\\\/philsneaker.fr\\\/#organization\",\"name\":\"Phil Sneaker\",\"url\":\"https:\\\/\\\/philsneaker.fr\\\/\",\"logo\":{\"@type\":\"ImageObject\",\"inLanguage\":\"fr-FR\",\"@id\":\"https:\\\/\\\/philsneaker.fr\\\/#\\\/schema\\\/logo\\\/image\\\/\",\"url\":\"https:\\\/\\\/philsneaker.fr\\\/wp-content\\\/uploads\\\/2024\\\/07\\\/cropped-Logo-temp-PS-1-1.png\",\"contentUrl\":\"https:\\\/\\\/philsneaker.fr\\\/wp-content\\\/uploads\\\/2024\\\/07\\\/cropped-Logo-temp-PS-1-1.png\",\"width\":596,\"height\":596,\"caption\":\"Phil Sneaker\"},\"image\":{\"@id\":\"https:\\\/\\\/philsneaker.fr\\\/#\\\/schema\\\/logo\\\/image\\\/\"}}]}<\/script>\n<!-- \/ Yoast SEO plugin. -->","yoast_head_json":{"title":"Varsity jacket city of Dreams blue - Phil Sneaker","robots":{"index":"index","follow":"follow","max-snippet":"max-snippet:-1","max-image-preview":"max-image-preview:large","max-video-preview":"max-video-preview:-1"},"canonical":"https:\/\/philsneaker.fr\/index.php\/produit\/varsity-jacket-city-of-dreams-blue\/","og_locale":"fr_FR","og_type":"article","og_title":"Varsity jacket city of Dreams blue - Phil Sneaker","og_description":"100% Whool corps et manches Logos brod\u00e9s de haute qualit\u00e9 Parfait pour s'associer \u00e0 votre \u00e9quipe sportive pr\u00e9f\u00e9r\u00e9e de NYC Reportez-vous au tableau des tailles pour conna\u00eetre votre taille Taille tts","og_url":"https:\/\/philsneaker.fr\/index.php\/produit\/varsity-jacket-city-of-dreams-blue\/","og_site_name":"Phil Sneaker","article_modified_time":"2024-07-18T15:06:25+00:00","og_image":[{"width":700,"height":961,"url":"https:\/\/philsneaker.fr\/wp-content\/uploads\/2024\/07\/varsity-blue-jacket.webp","type":"image\/webp"}],"twitter_card":"summary_large_image","twitter_misc":{"Dur\u00e9e de lecture estim\u00e9e":"1 minute"},"schema":{"@context":"https:\/\/schema.org","@graph":[{"@type":"WebPage","@id":"https:\/\/philsneaker.fr\/index.php\/produit\/varsity-jacket-city-of-dreams-blue\/","url":"https:\/\/philsneaker.fr\/index.php\/produit\/varsity-jacket-city-of-dreams-blue\/","name":"Varsity jacket city of Dreams blue - Phil Sneaker","isPartOf":{"@id":"https:\/\/philsneaker.fr\/#website"},"primaryImageOfPage":{"@id":"https:\/\/philsneaker.fr\/index.php\/produit\/varsity-jacket-city-of-dreams-blue\/#primaryimage"},"image":{"@id":"https:\/\/philsneaker.fr\/index.php\/produit\/varsity-jacket-city-of-dreams-blue\/#primaryimage"},"thumbnailUrl":"https:\/\/philsneaker.fr\/wp-content\/uploads\/2024\/07\/varsity-blue-jacket.webp","datePublished":"2024-07-18T15:06:24+00:00","dateModified":"2024-07-18T15:06:25+00:00","breadcrumb":{"@id":"https:\/\/philsneaker.fr\/index.php\/produit\/varsity-jacket-city-of-dreams-blue\/#breadcrumb"},"inLanguage":"fr-FR","potentialAction":[{"@type":"ReadAction","target":["https:\/\/philsneaker.fr\/index.php\/produit\/varsity-jacket-city-of-dreams-blue\/"]}]},{"@type":"ImageObject","inLanguage":"fr-FR","@id":"https:\/\/philsneaker.fr\/index.php\/produit\/varsity-jacket-city-of-dreams-blue\/#primaryimage","url":"https:\/\/philsneaker.fr\/wp-content\/uploads\/2024\/07\/varsity-blue-jacket.webp","contentUrl":"https:\/\/philsneaker.fr\/wp-content\/uploads\/2024\/07\/varsity-blue-jacket.webp","width":700,"height":961},{"@type":"BreadcrumbList","@id":"https:\/\/philsneaker.fr\/index.php\/produit\/varsity-jacket-city-of-dreams-blue\/#breadcrumb","itemListElement":[{"@type":"ListItem","position":1,"name":"Accueil","item":"https:\/\/philsneaker.fr\/"},{"@type":"ListItem","position":2,"name":"Boutique","item":"https:\/\/philsneaker.fr\/index.php\/boutique\/"},{"@type":"ListItem","position":3,"name":"Varsity jacket city of Dreams blue"}]},{"@type":"WebSite","@id":"https:\/\/philsneaker.fr\/#website","url":"https:\/\/philsneaker.fr\/","name":"Phil Sneaker","description":"Shoes Restor","publisher":{"@id":"https:\/\/philsneaker.fr\/#organization"},"potentialAction":[{"@type":"SearchAction","target":{"@type":"EntryPoint","urlTemplate":"https:\/\/philsneaker.fr\/?s={search_term_string}"},"query-input":{"@type":"PropertyValueSpecification","valueRequired":true,"valueName":"search_term_string"}}],"inLanguage":"fr-FR"},{"@type":"Organization","@id":"https:\/\/philsneaker.fr\/#organization","name":"Phil Sneaker","url":"https:\/\/philsneaker.fr\/","logo":{"@type":"ImageObject","inLanguage":"fr-FR","@id":"https:\/\/philsneaker.fr\/#\/schema\/logo\/image\/","url":"https:\/\/philsneaker.fr\/wp-content\/uploads\/2024\/07\/cropped-Logo-temp-PS-1-1.png","contentUrl":"https:\/\/philsneaker.fr\/wp-content\/uploads\/2024\/07\/cropped-Logo-temp-PS-1-1.png","width":596,"height":596,"caption":"Phil Sneaker"},"image":{"@id":"https:\/\/philsneaker.fr\/#\/schema\/logo\/image\/"}}]}},"jetpack_sharing_enabled":true,"_links":{"self":[{"href":"https:\/\/philsneaker.fr\/index.php\/wp-json\/wp\/v2\/product\/532","targetHints":{"allow":["GET"]}}],"collection":[{"href":"https:\/\/philsneaker.fr\/index.php\/wp-json\/wp\/v2\/product"}],"about":[{"href":"https:\/\/philsneaker.fr\/index.php\/wp-json\/wp\/v2\/types\/product"}],"replies":[{"embeddable":true,"href":"https:\/\/philsneaker.fr\/index.php\/wp-json\/wp\/v2\/comments?post=532"}],"wp:featuredmedia":[{"embeddable":true,"href":"https:\/\/philsneaker.fr\/index.php\/wp-json\/wp\/v2\/media\/543"}],"wp:attachment":[{"href":"https:\/\/philsneaker.fr\/index.php\/wp-json\/wp\/v2\/media?parent=532"}],"wp:term":[{"taxonomy":"product_brand","embeddable":true,"href":"https:\/\/philsneaker.fr\/index.php\/wp-json\/wp\/v2\/product_brand?post=532"},{"taxonomy":"product_cat","embeddable":true,"href":"https:\/\/philsneaker.fr\/index.php\/wp-json\/wp\/v2\/product_cat?post=532"},{"taxonomy":"product_tag","embeddable":true,"href":"https:\/\/philsneaker.fr\/index.php\/wp-json\/wp\/v2\/product_tag?post=532"}],"curies":[{"name":"wp","href":"https:\/\/api.w.org\/{rel}","templated":true}]}}