{"id":996,"date":"2024-07-30T15:38:14","date_gmt":"2024-07-30T13:38:14","guid":{"rendered":"http:\/\/philsneaker.fr\/?page_id=996"},"modified":"2024-07-30T15:44:49","modified_gmt":"2024-07-30T13:44:49","slug":"netting-swap-jordan-3","status":"publish","type":"page","link":"https:\/\/philsneaker.fr\/index.php\/services\/entretien\/netting-swap-jordan-3\/","title":{"rendered":"Netting Swap Jordan"},"content":{"rendered":"\t\t<div data-elementor-type=\"wp-page\" data-elementor-id=\"996\" class=\"elementor elementor-996\">\n\t\t\t\t<div class=\"elementor-element elementor-element-3cc829b e-flex e-con-boxed e-con e-parent\" data-id=\"3cc829b\" data-element_type=\"container\" data-e-type=\"container\" data-settings=\"{&quot;background_background&quot;:&quot;classic&quot;}\">\n\t\t\t\t\t<div class=\"e-con-inner\">\n\t\t\t\t<div class=\"elementor-element elementor-element-4559098 elementor-widget elementor-widget-spacer\" data-id=\"4559098\" data-element_type=\"widget\" data-e-type=\"widget\" data-widget_type=\"spacer.default\">\n\t\t\t\t<div class=\"elementor-widget-container\">\n\t\t\t\t\t\t\t<div class=\"elementor-spacer\">\n\t\t\t<div class=\"elementor-spacer-inner\"><\/div>\n\t\t<\/div>\n\t\t\t\t\t\t<\/div>\n\t\t\t\t<\/div>\n\t\t\t\t<div class=\"elementor-element elementor-element-27ea816 elementor-widget elementor-widget-heading\" data-id=\"27ea816\" data-element_type=\"widget\" data-e-type=\"widget\" data-widget_type=\"heading.default\">\n\t\t\t\t<div class=\"elementor-widget-container\">\n\t\t\t\t\t<h1 class=\"elementor-heading-title elementor-size-default\">Netting Swap Jordan<\/h1>\t\t\t\t<\/div>\n\t\t\t\t<\/div>\n\t\t\t\t<div class=\"elementor-element elementor-element-36d1e5c elementor-widget elementor-widget-text-editor\" data-id=\"36d1e5c\" data-element_type=\"widget\" data-e-type=\"widget\" data-widget_type=\"text-editor.default\">\n\t\t\t\t<div class=\"elementor-widget-container\">\n\t\t\t\t\t\t\t\t\t<p>Changement des cages lat\u00e9ral plastique abim\u00e9s par des cages neuves.<\/p>\t\t\t\t\t\t\t\t<\/div>\n\t\t\t\t<\/div>\n\t\t\t\t<div class=\"elementor-element elementor-element-82c897e elementor-widget elementor-widget-spacer\" data-id=\"82c897e\" data-element_type=\"widget\" data-e-type=\"widget\" data-widget_type=\"spacer.default\">\n\t\t\t\t<div class=\"elementor-widget-container\">\n\t\t\t\t\t\t\t<div class=\"elementor-spacer\">\n\t\t\t<div class=\"elementor-spacer-inner\"><\/div>\n\t\t<\/div>\n\t\t\t\t\t\t<\/div>\n\t\t\t\t<\/div>\n\t\t\t\t\t<\/div>\n\t\t\t\t<\/div>\n\t\t<div class=\"elementor-element elementor-element-ca5731d e-flex e-con-boxed e-con e-parent\" data-id=\"ca5731d\" data-element_type=\"container\" data-e-type=\"container\">\n\t\t\t\t\t<div class=\"e-con-inner\">\n\t\t\t\t<div class=\"elementor-element elementor-element-bf00210 elementor-widget elementor-widget-spacer\" data-id=\"bf00210\" data-element_type=\"widget\" data-e-type=\"widget\" data-widget_type=\"spacer.default\">\n\t\t\t\t<div class=\"elementor-widget-container\">\n\t\t\t\t\t\t\t<div class=\"elementor-spacer\">\n\t\t\t<div class=\"elementor-spacer-inner\"><\/div>\n\t\t<\/div>\n\t\t\t\t\t\t<\/div>\n\t\t\t\t<\/div>\n\t\t\t\t\t<\/div>\n\t\t\t\t<\/div>\n\t\t<div class=\"elementor-element elementor-element-5e3cdf1 e-flex e-con-boxed e-con e-parent\" data-id=\"5e3cdf1\" data-element_type=\"container\" data-e-type=\"container\">\n\t\t\t\t\t<div class=\"e-con-inner\">\n\t\t<div class=\"elementor-element elementor-element-f93ba4e e-con-full e-flex e-con e-child\" data-id=\"f93ba4e\" data-element_type=\"container\" data-e-type=\"container\">\n\t\t\t\t<div class=\"elementor-element elementor-element-1689ec0 elementor-widget elementor-widget-text-editor\" data-id=\"1689ec0\" data-element_type=\"widget\" data-e-type=\"widget\" data-widget_type=\"text-editor.default\">\n\t\t\t\t<div class=\"elementor-widget-container\">\n\t\t\t\t\t\t\t\t\t<p>Changement des cages lat\u00e9rales plastique abim\u00e9es par des cages neuves.<br \/>Le tarif est de <strong>90\u20ac<\/strong> et inclut les nouvelles cages et la pose.<\/p><p>Possibilit\u00e9 d&rsquo;envoi postal ou mondial relay France et Europe a votre charge .<br \/>N&rsquo;h\u00e9sitez pas a utiliser le formulaire de contact ci-dessous pour toutes demandes .<\/p>\t\t\t\t\t\t\t\t<\/div>\n\t\t\t\t<\/div>\n\t\t\t\t<\/div>\n\t\t<div class=\"elementor-element elementor-element-c5b100c e-con-full e-flex e-con e-child\" data-id=\"c5b100c\" data-element_type=\"container\" data-e-type=\"container\">\n\t\t\t\t<div class=\"elementor-element elementor-element-e9b36d9 elementor-widget elementor-widget-image\" data-id=\"e9b36d9\" data-element_type=\"widget\" data-e-type=\"widget\" data-widget_type=\"image.default\">\n\t\t\t\t<div class=\"elementor-widget-container\">\n\t\t\t\t\t\t\t\t\t\t\t\t\t\t\t<img fetchpriority=\"high\" decoding=\"async\" width=\"1024\" height=\"426\" src=\"https:\/\/philsneaker.fr\/wp-content\/uploads\/2024\/07\/Netting-jordan-Swap-av-ap-1024x426.png\" class=\"attachment-large size-large wp-image-998\" alt=\"\" srcset=\"https:\/\/philsneaker.fr\/wp-content\/uploads\/2024\/07\/Netting-jordan-Swap-av-ap-1024x426.png 1024w, https:\/\/philsneaker.fr\/wp-content\/uploads\/2024\/07\/Netting-jordan-Swap-av-ap-300x125.png 300w, https:\/\/philsneaker.fr\/wp-content\/uploads\/2024\/07\/Netting-jordan-Swap-av-ap-768x319.png 768w\" sizes=\"(max-width: 1024px) 100vw, 1024px\" \/>\t\t\t\t\t\t\t\t\t\t\t\t\t\t\t<\/div>\n\t\t\t\t<\/div>\n\t\t\t\t<\/div>\n\t\t\t\t\t<\/div>\n\t\t\t\t<\/div>\n\t\t<div class=\"elementor-element elementor-element-b41ae13 e-flex e-con-boxed e-con e-parent\" data-id=\"b41ae13\" data-element_type=\"container\" data-e-type=\"container\">\n\t\t\t\t\t<div class=\"e-con-inner\">\n\t\t\t\t<div class=\"elementor-element elementor-element-e495c09 elementor-widget elementor-widget-spacer\" data-id=\"e495c09\" data-element_type=\"widget\" data-e-type=\"widget\" data-widget_type=\"spacer.default\">\n\t\t\t\t<div class=\"elementor-widget-container\">\n\t\t\t\t\t\t\t<div class=\"elementor-spacer\">\n\t\t\t<div class=\"elementor-spacer-inner\"><\/div>\n\t\t<\/div>\n\t\t\t\t\t\t<\/div>\n\t\t\t\t<\/div>\n\t\t\t\t\t<\/div>\n\t\t\t\t<\/div>\n\t\t<div class=\"elementor-element elementor-element-8a87e05 e-flex e-con-boxed e-con e-parent\" data-id=\"8a87e05\" data-element_type=\"container\" data-e-type=\"container\" data-settings=\"{&quot;background_background&quot;:&quot;classic&quot;}\">\n\t\t\t\t\t<div class=\"e-con-inner\">\n\t\t\t\t<div class=\"elementor-element elementor-element-cdb3c4d elementor-widget elementor-widget-spacer\" data-id=\"cdb3c4d\" data-element_type=\"widget\" data-e-type=\"widget\" data-widget_type=\"spacer.default\">\n\t\t\t\t<div class=\"elementor-widget-container\">\n\t\t\t\t\t\t\t<div class=\"elementor-spacer\">\n\t\t\t<div class=\"elementor-spacer-inner\"><\/div>\n\t\t<\/div>\n\t\t\t\t\t\t<\/div>\n\t\t\t\t<\/div>\n\t\t\t\t<div class=\"elementor-element elementor-element-ff8afd5 elementor-widget elementor-widget-heading\" data-id=\"ff8afd5\" data-element_type=\"widget\" data-e-type=\"widget\" data-widget_type=\"heading.default\">\n\t\t\t\t<div class=\"elementor-widget-container\">\n\t\t\t\t\t<h2 class=\"elementor-heading-title elementor-size-default\">Contactez-moi pour obtenir votre devis d'entretient !<\/h2>\t\t\t\t<\/div>\n\t\t\t\t<\/div>\n\t\t\t\t<div class=\"elementor-element elementor-element-e75b6b0 elementor-widget elementor-widget-spacer\" data-id=\"e75b6b0\" data-element_type=\"widget\" data-e-type=\"widget\" data-widget_type=\"spacer.default\">\n\t\t\t\t<div class=\"elementor-widget-container\">\n\t\t\t\t\t\t\t<div class=\"elementor-spacer\">\n\t\t\t<div class=\"elementor-spacer-inner\"><\/div>\n\t\t<\/div>\n\t\t\t\t\t\t<\/div>\n\t\t\t\t<\/div>\n\t\t\t\t\t<\/div>\n\t\t\t\t<\/div>\n\t\t<div class=\"elementor-element elementor-element-cc15386 e-flex e-con-boxed e-con e-parent\" data-id=\"cc15386\" data-element_type=\"container\" data-e-type=\"container\" data-settings=\"{&quot;background_background&quot;:&quot;classic&quot;}\">\n\t\t\t\t\t<div class=\"e-con-inner\">\n\t\t\t\t<div class=\"elementor-element elementor-element-9b99122 elementor-widget elementor-widget-wpforms\" data-id=\"9b99122\" data-element_type=\"widget\" data-e-type=\"widget\" data-widget_type=\"wpforms.default\">\n\t\t\t\t<div class=\"elementor-widget-container\">\n\t\t\t\t\t<style id=\"wpforms-css-vars-elementor-widget-9b99122\">\n\t\t\t\t.elementor-widget-wpforms.elementor-element-9b99122 {\n\t\t\t\t--wpforms-field-border-color: #000000;\n--wpforms-field-border-color-spare: #000000;\n--wpforms-field-text-color: #000000;\n--wpforms-button-background-color: #000000;\n--wpforms-field-size-input-height: 31px;\n--wpforms-field-size-input-spacing: 10px;\n--wpforms-field-size-font-size: 14px;\n--wpforms-field-size-line-height: 17px;\n--wpforms-field-size-padding-h: 9px;\n--wpforms-field-size-checkbox-size: 14px;\n--wpforms-field-size-sublabel-spacing: 5px;\n--wpforms-field-size-icon-size: 0.75;\n\t\t\t}\n\t\t\t<\/style><div class=\"wpforms-container wpforms-container-full wpforms-render-modern\" id=\"wpforms-975\"><form id=\"wpforms-form-975\" class=\"wpforms-validate wpforms-form wpforms-ajax-form\" data-formid=\"975\" method=\"post\" enctype=\"multipart\/form-data\" action=\"\/index.php\/wp-json\/wp\/v2\/pages\/996\" data-token=\"a567846145b6111b4f926b10c6ac6637\" data-token-time=\"1776952974\"><noscript class=\"wpforms-error-noscript\">Veuillez activer JavaScript dans votre navigateur pour remplir ce formulaire.<\/noscript><div id=\"wpforms-error-noscript\" style=\"display: none;\">Veuillez activer JavaScript dans votre navigateur pour remplir ce formulaire.<\/div><div class=\"wpforms-field-container\"><div id=\"wpforms-975-field_1-container\" class=\"wpforms-field wpforms-field-name\" data-field-id=\"1\"><fieldset><legend class=\"wpforms-field-label\">Nom <span class=\"wpforms-required-label\" aria-hidden=\"true\">*<\/span><\/legend><div class=\"wpforms-field-row wpforms-field-medium\"><div class=\"wpforms-field-row-block wpforms-first wpforms-one-half\"><input type=\"text\" id=\"wpforms-975-field_1\" class=\"wpforms-field-name-first wpforms-field-required\" name=\"wpforms[fields][1][first]\" aria-errormessage=\"wpforms-975-field_1-error\" required><label for=\"wpforms-975-field_1\" class=\"wpforms-field-sublabel after\">Pr\u00e9nom<\/label><\/div><div class=\"wpforms-field-row-block wpforms-one-half\"><input type=\"text\" id=\"wpforms-975-field_1-last\" class=\"wpforms-field-name-last wpforms-field-required\" name=\"wpforms[fields][1][last]\" aria-errormessage=\"wpforms-975-field_1-last-error\" required><label for=\"wpforms-975-field_1-last\" class=\"wpforms-field-sublabel after\">Nom<\/label><\/div><\/div><\/fieldset><\/div><div id=\"wpforms-975-field_2-container\" class=\"wpforms-field wpforms-field-email\" data-field-id=\"2\"><label class=\"wpforms-field-label\" for=\"wpforms-975-field_2\">E-mail <span class=\"wpforms-required-label\" aria-hidden=\"true\">*<\/span><\/label><input type=\"email\" id=\"wpforms-975-field_2\" class=\"wpforms-field-medium wpforms-field-required\" name=\"wpforms[fields][2]\" spellcheck=\"false\" aria-errormessage=\"wpforms-975-field_2-error\" required><\/div><div id=\"wpforms-975-field_4-container\" class=\"wpforms-field wpforms-field-checkbox\" data-field-id=\"4\"><fieldset><legend class=\"wpforms-field-label\">Choix du\/des service\/s d&#039;entretient <span class=\"wpforms-required-label\" aria-hidden=\"true\">*<\/span><\/legend><ul id=\"wpforms-975-field_4\" class=\"wpforms-field-required\"><li class=\"choice-1 depth-1\"><input type=\"checkbox\" id=\"wpforms-975-field_4_1\" name=\"wpforms[fields][4][]\" value=\"Nettoyage Sneaker\" aria-errormessage=\"wpforms-975-field_4_1-error\" required ><label class=\"wpforms-field-label-inline\" for=\"wpforms-975-field_4_1\">Nettoyage Sneaker<\/label><\/li><li class=\"choice-2 depth-1\"><input type=\"checkbox\" id=\"wpforms-975-field_4_2\" name=\"wpforms[fields][4][]\" value=\"Netting Swap Jordan\" aria-errormessage=\"wpforms-975-field_4_2-error\" required ><label class=\"wpforms-field-label-inline\" for=\"wpforms-975-field_4_2\">Netting Swap Jordan<\/label><\/li><li class=\"choice-3 depth-1\"><input type=\"checkbox\" id=\"wpforms-975-field_4_3\" name=\"wpforms[fields][4][]\" value=\"Sole Swap\" aria-errormessage=\"wpforms-975-field_4_3-error\" required ><label class=\"wpforms-field-label-inline\" for=\"wpforms-975-field_4_3\">Sole Swap<\/label><\/li><li class=\"choice-4 depth-1\"><input type=\"checkbox\" id=\"wpforms-975-field_4_4\" name=\"wpforms[fields][4][]\" value=\"Midsole Repaint\" aria-errormessage=\"wpforms-975-field_4_4-error\" required ><label class=\"wpforms-field-label-inline\" for=\"wpforms-975-field_4_4\">Midsole Repaint<\/label><\/li><li class=\"choice-5 depth-1\"><input type=\"checkbox\" id=\"wpforms-975-field_4_5\" name=\"wpforms[fields][4][]\" value=\"D\u00e9-jaunissement Semelles\" aria-errormessage=\"wpforms-975-field_4_5-error\" required ><label class=\"wpforms-field-label-inline\" for=\"wpforms-975-field_4_5\">D\u00e9-jaunissement Semelles<\/label><\/li><li class=\"choice-6 depth-1\"><input type=\"checkbox\" id=\"wpforms-975-field_4_6\" name=\"wpforms[fields][4][]\" value=\"Tab Swap\" aria-errormessage=\"wpforms-975-field_4_6-error\" required ><label class=\"wpforms-field-label-inline\" for=\"wpforms-975-field_4_6\">Tab Swap<\/label><\/li><\/ul><\/fieldset><\/div><div id=\"wpforms-975-field_6-container\" class=\"wpforms-field wpforms-field-textarea\" data-field-id=\"6\"><label class=\"wpforms-field-label\" for=\"wpforms-975-field_6\">Message (facultatif)<\/label><textarea id=\"wpforms-975-field_6\" class=\"wpforms-field-medium\" name=\"wpforms[fields][6]\" aria-errormessage=\"wpforms-975-field_6-error\" ><\/textarea><\/div><\/div><!-- .wpforms-field-container --><div class=\"wpforms-submit-container\" ><input type=\"hidden\" name=\"wpforms[id]\" value=\"975\"><input type=\"hidden\" name=\"page_title\" value=\"\"><input type=\"hidden\" name=\"page_url\" value=\"https:\/\/philsneaker.fr\/index.php\/wp-json\/wp\/v2\/pages\/996\"><input type=\"hidden\" name=\"url_referer\" value=\"\"><button type=\"submit\" name=\"wpforms[submit]\" id=\"wpforms-submit-975\" class=\"wpforms-submit\" data-alt-text=\"Envoi...\" data-submit-text=\"Envoyer\" aria-live=\"assertive\" value=\"wpforms-submit\">Envoyer<\/button><img decoding=\"async\" src=\"https:\/\/philsneaker.fr\/wp-content\/plugins\/wpforms-lite\/assets\/images\/submit-spin.svg\" class=\"wpforms-submit-spinner\" style=\"display: none;\" width=\"26\" height=\"26\" alt=\"Chargement en cours\"><\/div><\/form><\/div>  <!-- .wpforms-container -->\t\t\t\t<\/div>\n\t\t\t\t<\/div>\n\t\t\t\t\t<\/div>\n\t\t\t\t<\/div>\n\t\t\t\t<\/div>\n\t\t","protected":false},"excerpt":{"rendered":"<p>Netting Swap Jordan Changement des cages lat\u00e9ral plastique abim\u00e9s par des cages neuves. Changement des cages lat\u00e9rales plastique abim\u00e9es par des cages neuves.Le tarif est de 90\u20ac et inclut les nouvelles cages et la pose. Possibilit\u00e9 d&rsquo;envoi postal ou mondial relay France et Europe a votre charge .N&rsquo;h\u00e9sitez pas a utiliser le formulaire de contact&#8230;<\/p>\n","protected":false},"author":1,"featured_media":0,"parent":567,"menu_order":0,"comment_status":"closed","ping_status":"closed","template":"","meta":{"_kad_post_transparent":"","_kad_post_title":"hide","_kad_post_layout":"fullwidth","_kad_post_sidebar_id":"","_kad_post_content_style":"unboxed","_kad_post_vertical_padding":"hide","_kad_post_feature":"hide","_kad_post_feature_position":"","_kad_post_header":false,"_kad_post_footer":false,"footnotes":""},"class_list":["post-996","page","type-page","status-publish","hentry"],"yoast_head":"<!-- This site is optimized with the Yoast SEO plugin v27.4 - https:\/\/yoast.com\/product\/yoast-seo-wordpress\/ -->\n<title>Netting Swap Jordan - Phil Sneaker<\/title>\n<meta name=\"robots\" content=\"index, follow, max-snippet:-1, max-image-preview:large, max-video-preview:-1\" \/>\n<link rel=\"canonical\" href=\"https:\/\/philsneaker.fr\/index.php\/services\/entretien\/netting-swap-jordan-3\/\" \/>\n<meta property=\"og:locale\" content=\"fr_FR\" \/>\n<meta property=\"og:type\" content=\"article\" \/>\n<meta property=\"og:title\" content=\"Netting Swap Jordan - Phil Sneaker\" \/>\n<meta property=\"og:description\" content=\"Netting Swap Jordan Changement des cages lat\u00e9ral plastique abim\u00e9s par des cages neuves. Changement des cages lat\u00e9rales plastique abim\u00e9es par des cages neuves.Le tarif est de 90\u20ac et inclut les nouvelles cages et la pose. Possibilit\u00e9 d&rsquo;envoi postal ou mondial relay France et Europe a votre charge .N&rsquo;h\u00e9sitez pas a utiliser le formulaire de contact...\" \/>\n<meta property=\"og:url\" content=\"https:\/\/philsneaker.fr\/index.php\/services\/entretien\/netting-swap-jordan-3\/\" \/>\n<meta property=\"og:site_name\" content=\"Phil Sneaker\" \/>\n<meta property=\"article:modified_time\" content=\"2024-07-30T13:44:49+00:00\" \/>\n<meta property=\"og:image\" content=\"http:\/\/philsneaker.fr\/wp-content\/uploads\/2024\/07\/Netting-jordan-Swap-av-ap-1024x426.png\" \/>\n<meta name=\"twitter:card\" content=\"summary_large_image\" \/>\n<meta name=\"twitter:label1\" content=\"Dur\u00e9e de lecture estim\u00e9e\" \/>\n\t<meta name=\"twitter:data1\" content=\"1 minute\" \/>\n<script type=\"application\/ld+json\" class=\"yoast-schema-graph\">{\"@context\":\"https:\\\/\\\/schema.org\",\"@graph\":[{\"@type\":\"WebPage\",\"@id\":\"https:\\\/\\\/philsneaker.fr\\\/index.php\\\/services\\\/entretien\\\/netting-swap-jordan-3\\\/\",\"url\":\"https:\\\/\\\/philsneaker.fr\\\/index.php\\\/services\\\/entretien\\\/netting-swap-jordan-3\\\/\",\"name\":\"Netting Swap Jordan - Phil Sneaker\",\"isPartOf\":{\"@id\":\"https:\\\/\\\/philsneaker.fr\\\/#website\"},\"primaryImageOfPage\":{\"@id\":\"https:\\\/\\\/philsneaker.fr\\\/index.php\\\/services\\\/entretien\\\/netting-swap-jordan-3\\\/#primaryimage\"},\"image\":{\"@id\":\"https:\\\/\\\/philsneaker.fr\\\/index.php\\\/services\\\/entretien\\\/netting-swap-jordan-3\\\/#primaryimage\"},\"thumbnailUrl\":\"http:\\\/\\\/philsneaker.fr\\\/wp-content\\\/uploads\\\/2024\\\/07\\\/Netting-jordan-Swap-av-ap-1024x426.png\",\"datePublished\":\"2024-07-30T13:38:14+00:00\",\"dateModified\":\"2024-07-30T13:44:49+00:00\",\"breadcrumb\":{\"@id\":\"https:\\\/\\\/philsneaker.fr\\\/index.php\\\/services\\\/entretien\\\/netting-swap-jordan-3\\\/#breadcrumb\"},\"inLanguage\":\"fr-FR\",\"potentialAction\":[{\"@type\":\"ReadAction\",\"target\":[\"https:\\\/\\\/philsneaker.fr\\\/index.php\\\/services\\\/entretien\\\/netting-swap-jordan-3\\\/\"]}]},{\"@type\":\"ImageObject\",\"inLanguage\":\"fr-FR\",\"@id\":\"https:\\\/\\\/philsneaker.fr\\\/index.php\\\/services\\\/entretien\\\/netting-swap-jordan-3\\\/#primaryimage\",\"url\":\"https:\\\/\\\/philsneaker.fr\\\/wp-content\\\/uploads\\\/2024\\\/07\\\/Netting-jordan-Swap-av-ap.png\",\"contentUrl\":\"https:\\\/\\\/philsneaker.fr\\\/wp-content\\\/uploads\\\/2024\\\/07\\\/Netting-jordan-Swap-av-ap.png\",\"width\":5834,\"height\":2426},{\"@type\":\"BreadcrumbList\",\"@id\":\"https:\\\/\\\/philsneaker.fr\\\/index.php\\\/services\\\/entretien\\\/netting-swap-jordan-3\\\/#breadcrumb\",\"itemListElement\":[{\"@type\":\"ListItem\",\"position\":1,\"name\":\"Accueil\",\"item\":\"https:\\\/\\\/philsneaker.fr\\\/\"},{\"@type\":\"ListItem\",\"position\":2,\"name\":\"Services\",\"item\":\"https:\\\/\\\/philsneaker.fr\\\/index.php\\\/services\\\/\"},{\"@type\":\"ListItem\",\"position\":3,\"name\":\"Entretient\",\"item\":\"https:\\\/\\\/philsneaker.fr\\\/index.php\\\/services\\\/entretien\\\/\"},{\"@type\":\"ListItem\",\"position\":4,\"name\":\"Netting Swap Jordan\"}]},{\"@type\":\"WebSite\",\"@id\":\"https:\\\/\\\/philsneaker.fr\\\/#website\",\"url\":\"https:\\\/\\\/philsneaker.fr\\\/\",\"name\":\"Phil Sneaker\",\"description\":\"Shoes Restor\",\"publisher\":{\"@id\":\"https:\\\/\\\/philsneaker.fr\\\/#organization\"},\"potentialAction\":[{\"@type\":\"SearchAction\",\"target\":{\"@type\":\"EntryPoint\",\"urlTemplate\":\"https:\\\/\\\/philsneaker.fr\\\/?s={search_term_string}\"},\"query-input\":{\"@type\":\"PropertyValueSpecification\",\"valueRequired\":true,\"valueName\":\"search_term_string\"}}],\"inLanguage\":\"fr-FR\"},{\"@type\":\"Organization\",\"@id\":\"https:\\\/\\\/philsneaker.fr\\\/#organization\",\"name\":\"Phil Sneaker\",\"url\":\"https:\\\/\\\/philsneaker.fr\\\/\",\"logo\":{\"@type\":\"ImageObject\",\"inLanguage\":\"fr-FR\",\"@id\":\"https:\\\/\\\/philsneaker.fr\\\/#\\\/schema\\\/logo\\\/image\\\/\",\"url\":\"https:\\\/\\\/philsneaker.fr\\\/wp-content\\\/uploads\\\/2024\\\/07\\\/cropped-Logo-temp-PS-1-1.png\",\"contentUrl\":\"https:\\\/\\\/philsneaker.fr\\\/wp-content\\\/uploads\\\/2024\\\/07\\\/cropped-Logo-temp-PS-1-1.png\",\"width\":596,\"height\":596,\"caption\":\"Phil Sneaker\"},\"image\":{\"@id\":\"https:\\\/\\\/philsneaker.fr\\\/#\\\/schema\\\/logo\\\/image\\\/\"}}]}<\/script>\n<!-- \/ Yoast SEO plugin. -->","yoast_head_json":{"title":"Netting Swap Jordan - Phil Sneaker","robots":{"index":"index","follow":"follow","max-snippet":"max-snippet:-1","max-image-preview":"max-image-preview:large","max-video-preview":"max-video-preview:-1"},"canonical":"https:\/\/philsneaker.fr\/index.php\/services\/entretien\/netting-swap-jordan-3\/","og_locale":"fr_FR","og_type":"article","og_title":"Netting Swap Jordan - Phil Sneaker","og_description":"Netting Swap Jordan Changement des cages lat\u00e9ral plastique abim\u00e9s par des cages neuves. Changement des cages lat\u00e9rales plastique abim\u00e9es par des cages neuves.Le tarif est de 90\u20ac et inclut les nouvelles cages et la pose. Possibilit\u00e9 d&rsquo;envoi postal ou mondial relay France et Europe a votre charge .N&rsquo;h\u00e9sitez pas a utiliser le formulaire de contact...","og_url":"https:\/\/philsneaker.fr\/index.php\/services\/entretien\/netting-swap-jordan-3\/","og_site_name":"Phil Sneaker","article_modified_time":"2024-07-30T13:44:49+00:00","og_image":[{"url":"http:\/\/philsneaker.fr\/wp-content\/uploads\/2024\/07\/Netting-jordan-Swap-av-ap-1024x426.png","type":"","width":"","height":""}],"twitter_card":"summary_large_image","twitter_misc":{"Dur\u00e9e de lecture estim\u00e9e":"1 minute"},"schema":{"@context":"https:\/\/schema.org","@graph":[{"@type":"WebPage","@id":"https:\/\/philsneaker.fr\/index.php\/services\/entretien\/netting-swap-jordan-3\/","url":"https:\/\/philsneaker.fr\/index.php\/services\/entretien\/netting-swap-jordan-3\/","name":"Netting Swap Jordan - Phil Sneaker","isPartOf":{"@id":"https:\/\/philsneaker.fr\/#website"},"primaryImageOfPage":{"@id":"https:\/\/philsneaker.fr\/index.php\/services\/entretien\/netting-swap-jordan-3\/#primaryimage"},"image":{"@id":"https:\/\/philsneaker.fr\/index.php\/services\/entretien\/netting-swap-jordan-3\/#primaryimage"},"thumbnailUrl":"http:\/\/philsneaker.fr\/wp-content\/uploads\/2024\/07\/Netting-jordan-Swap-av-ap-1024x426.png","datePublished":"2024-07-30T13:38:14+00:00","dateModified":"2024-07-30T13:44:49+00:00","breadcrumb":{"@id":"https:\/\/philsneaker.fr\/index.php\/services\/entretien\/netting-swap-jordan-3\/#breadcrumb"},"inLanguage":"fr-FR","potentialAction":[{"@type":"ReadAction","target":["https:\/\/philsneaker.fr\/index.php\/services\/entretien\/netting-swap-jordan-3\/"]}]},{"@type":"ImageObject","inLanguage":"fr-FR","@id":"https:\/\/philsneaker.fr\/index.php\/services\/entretien\/netting-swap-jordan-3\/#primaryimage","url":"https:\/\/philsneaker.fr\/wp-content\/uploads\/2024\/07\/Netting-jordan-Swap-av-ap.png","contentUrl":"https:\/\/philsneaker.fr\/wp-content\/uploads\/2024\/07\/Netting-jordan-Swap-av-ap.png","width":5834,"height":2426},{"@type":"BreadcrumbList","@id":"https:\/\/philsneaker.fr\/index.php\/services\/entretien\/netting-swap-jordan-3\/#breadcrumb","itemListElement":[{"@type":"ListItem","position":1,"name":"Accueil","item":"https:\/\/philsneaker.fr\/"},{"@type":"ListItem","position":2,"name":"Services","item":"https:\/\/philsneaker.fr\/index.php\/services\/"},{"@type":"ListItem","position":3,"name":"Entretient","item":"https:\/\/philsneaker.fr\/index.php\/services\/entretien\/"},{"@type":"ListItem","position":4,"name":"Netting Swap Jordan"}]},{"@type":"WebSite","@id":"https:\/\/philsneaker.fr\/#website","url":"https:\/\/philsneaker.fr\/","name":"Phil Sneaker","description":"Shoes Restor","publisher":{"@id":"https:\/\/philsneaker.fr\/#organization"},"potentialAction":[{"@type":"SearchAction","target":{"@type":"EntryPoint","urlTemplate":"https:\/\/philsneaker.fr\/?s={search_term_string}"},"query-input":{"@type":"PropertyValueSpecification","valueRequired":true,"valueName":"search_term_string"}}],"inLanguage":"fr-FR"},{"@type":"Organization","@id":"https:\/\/philsneaker.fr\/#organization","name":"Phil Sneaker","url":"https:\/\/philsneaker.fr\/","logo":{"@type":"ImageObject","inLanguage":"fr-FR","@id":"https:\/\/philsneaker.fr\/#\/schema\/logo\/image\/","url":"https:\/\/philsneaker.fr\/wp-content\/uploads\/2024\/07\/cropped-Logo-temp-PS-1-1.png","contentUrl":"https:\/\/philsneaker.fr\/wp-content\/uploads\/2024\/07\/cropped-Logo-temp-PS-1-1.png","width":596,"height":596,"caption":"Phil Sneaker"},"image":{"@id":"https:\/\/philsneaker.fr\/#\/schema\/logo\/image\/"}}]}},"jetpack_sharing_enabled":true,"_links":{"self":[{"href":"https:\/\/philsneaker.fr\/index.php\/wp-json\/wp\/v2\/pages\/996","targetHints":{"allow":["GET"]}}],"collection":[{"href":"https:\/\/philsneaker.fr\/index.php\/wp-json\/wp\/v2\/pages"}],"about":[{"href":"https:\/\/philsneaker.fr\/index.php\/wp-json\/wp\/v2\/types\/page"}],"author":[{"embeddable":true,"href":"https:\/\/philsneaker.fr\/index.php\/wp-json\/wp\/v2\/users\/1"}],"replies":[{"embeddable":true,"href":"https:\/\/philsneaker.fr\/index.php\/wp-json\/wp\/v2\/comments?post=996"}],"version-history":[{"count":7,"href":"https:\/\/philsneaker.fr\/index.php\/wp-json\/wp\/v2\/pages\/996\/revisions"}],"predecessor-version":[{"id":1006,"href":"https:\/\/philsneaker.fr\/index.php\/wp-json\/wp\/v2\/pages\/996\/revisions\/1006"}],"up":[{"embeddable":true,"href":"https:\/\/philsneaker.fr\/index.php\/wp-json\/wp\/v2\/pages\/567"}],"wp:attachment":[{"href":"https:\/\/philsneaker.fr\/index.php\/wp-json\/wp\/v2\/media?parent=996"}],"curies":[{"name":"wp","href":"https:\/\/api.w.org\/{rel}","templated":true}]}}