{"id":852,"date":"2024-07-22T14:42:55","date_gmt":"2024-07-22T12:42:55","guid":{"rendered":"https:\/\/philsneaker.fr\/?page_id=852"},"modified":"2024-07-31T09:38:47","modified_gmt":"2024-07-31T07:38:47","slug":"customs","status":"publish","type":"page","link":"https:\/\/philsneaker.fr\/index.php\/services\/customs\/","title":{"rendered":"Bespoke"},"content":{"rendered":"\t\t<div data-elementor-type=\"wp-page\" data-elementor-id=\"852\" class=\"elementor elementor-852\">\n\t\t\t\t<div class=\"elementor-element elementor-element-d81bafd e-flex e-con-boxed e-con e-parent\" data-id=\"d81bafd\" data-element_type=\"container\" data-e-type=\"container\" data-settings=\"{&quot;background_background&quot;:&quot;classic&quot;}\">\n\t\t\t\t\t<div class=\"e-con-inner\">\n\t\t\t\t<div class=\"elementor-element elementor-element-9c73061 elementor-widget elementor-widget-heading\" data-id=\"9c73061\" data-element_type=\"widget\" data-e-type=\"widget\" data-widget_type=\"heading.default\">\n\t\t\t\t<div class=\"elementor-widget-container\">\n\t\t\t\t\t<h2 class=\"elementor-heading-title elementor-size-default\">Bespoke<\/h2>\t\t\t\t<\/div>\n\t\t\t\t<\/div>\n\t\t\t\t<div class=\"elementor-element elementor-element-74a8c46 elementor-widget elementor-widget-spacer\" data-id=\"74a8c46\" data-element_type=\"widget\" data-e-type=\"widget\" data-widget_type=\"spacer.default\">\n\t\t\t\t<div class=\"elementor-widget-container\">\n\t\t\t\t\t\t\t<div class=\"elementor-spacer\">\n\t\t\t<div class=\"elementor-spacer-inner\"><\/div>\n\t\t<\/div>\n\t\t\t\t\t\t<\/div>\n\t\t\t\t<\/div>\n\t\t\t\t\t<\/div>\n\t\t\t\t<\/div>\n\t\t<div class=\"elementor-element elementor-element-ee8039a e-flex e-con-boxed e-con e-parent\" data-id=\"ee8039a\" data-element_type=\"container\" data-e-type=\"container\">\n\t\t\t\t\t<div class=\"e-con-inner\">\n\t\t\t\t<div class=\"elementor-element elementor-element-d0dea44 elementor-widget elementor-widget-spacer\" data-id=\"d0dea44\" data-element_type=\"widget\" data-e-type=\"widget\" data-widget_type=\"spacer.default\">\n\t\t\t\t<div class=\"elementor-widget-container\">\n\t\t\t\t\t\t\t<div class=\"elementor-spacer\">\n\t\t\t<div class=\"elementor-spacer-inner\"><\/div>\n\t\t<\/div>\n\t\t\t\t\t\t<\/div>\n\t\t\t\t<\/div>\n\t\t\t\t<div class=\"elementor-element elementor-element-65d989b elementor-widget elementor-widget-text-editor\" data-id=\"65d989b\" data-element_type=\"widget\" data-e-type=\"widget\" data-widget_type=\"text-editor.default\">\n\t\t\t\t<div class=\"elementor-widget-container\">\n\t\t\t\t\t\t\t\t\t<div dir=\"auto\"><div dir=\"auto\"><div dir=\"auto\">\u00a0Le <strong>bespoke<\/strong> c&rsquo;est quoi ?<\/div><div dir=\"auto\">C&rsquo;est la r\u00e9alisation d&rsquo;une paire sur mesure en cuir .<\/div><div dir=\"auto\">Envie d&rsquo;\u00eatre diff\u00e9rent, d&rsquo;avoir une paire unique .<\/div><div dir=\"auto\">Faite r\u00e9aliser la paire de vos r\u00eaves que ce soit\u00a0 pour une grande occasion ; mariage anniversaire ou pour votre plaisir.<\/div><div dir=\"auto\">Je donnerais vie a vos id\u00e9es.<\/div><\/div><\/div>\t\t\t\t\t\t\t\t<\/div>\n\t\t\t\t<\/div>\n\t\t\t\t<div class=\"elementor-element elementor-element-10fcdcc elementor-widget elementor-widget-spacer\" data-id=\"10fcdcc\" data-element_type=\"widget\" data-e-type=\"widget\" data-widget_type=\"spacer.default\">\n\t\t\t\t<div class=\"elementor-widget-container\">\n\t\t\t\t\t\t\t<div class=\"elementor-spacer\">\n\t\t\t<div class=\"elementor-spacer-inner\"><\/div>\n\t\t<\/div>\n\t\t\t\t\t\t<\/div>\n\t\t\t\t<\/div>\n\t\t\t\t\t<\/div>\n\t\t\t\t<\/div>\n\t\t<div class=\"elementor-element elementor-element-1147c11 e-flex e-con-boxed e-con e-parent\" data-id=\"1147c11\" data-element_type=\"container\" data-e-type=\"container\">\n\t\t\t\t\t<div class=\"e-con-inner\">\n\t\t<div class=\"elementor-element elementor-element-6d406ab e-con-full e-flex e-con e-child\" data-id=\"6d406ab\" data-element_type=\"container\" data-e-type=\"container\" data-settings=\"{&quot;background_background&quot;:&quot;classic&quot;}\">\n\t\t\t\t<\/div>\n\t\t<div class=\"elementor-element elementor-element-e54744f e-con-full e-flex e-con e-child\" data-id=\"e54744f\" data-element_type=\"container\" data-e-type=\"container\" data-settings=\"{&quot;background_background&quot;:&quot;classic&quot;}\">\n\t\t\t\t<\/div>\n\t\t<div class=\"elementor-element elementor-element-ae4c269 e-con-full e-flex e-con e-child\" data-id=\"ae4c269\" data-element_type=\"container\" data-e-type=\"container\" data-settings=\"{&quot;background_background&quot;:&quot;classic&quot;}\">\n\t\t\t\t<\/div>\n\t\t\t\t\t<\/div>\n\t\t\t\t<\/div>\n\t\t<div class=\"elementor-element elementor-element-4e0a7f3 e-flex e-con-boxed e-con e-parent\" data-id=\"4e0a7f3\" data-element_type=\"container\" data-e-type=\"container\">\n\t\t\t\t\t<div class=\"e-con-inner\">\n\t\t\t\t<div class=\"elementor-element elementor-element-e028870 elementor-widget elementor-widget-spacer\" data-id=\"e028870\" data-element_type=\"widget\" data-e-type=\"widget\" data-widget_type=\"spacer.default\">\n\t\t\t\t<div class=\"elementor-widget-container\">\n\t\t\t\t\t\t\t<div class=\"elementor-spacer\">\n\t\t\t<div class=\"elementor-spacer-inner\"><\/div>\n\t\t<\/div>\n\t\t\t\t\t\t<\/div>\n\t\t\t\t<\/div>\n\t\t\t\t<div class=\"elementor-element elementor-element-eb465cd elementor-widget elementor-widget-text-editor\" data-id=\"eb465cd\" data-element_type=\"widget\" data-e-type=\"widget\" data-widget_type=\"text-editor.default\">\n\t\t\t\t<div class=\"elementor-widget-container\">\n\t\t\t\t\t\t\t\t\t<div dir=\"auto\"><div dir=\"auto\">Faite r\u00e9aliser la paire de vos r\u00eaves sur mesure.<\/div><div dir=\"auto\">Vous pouvez choisir parmi une grande s\u00e9lection de cuir de vache\u00a0 Mais aussi de cuirs exotique tel que l&rsquo;autruche, le crocodile , le python&#8230;<\/div><div dir=\"auto\">Tarif a partir de 700\u20ac selon le choix des mat\u00e9riaux.<\/div><div dir=\"auto\">Plusieurs mod\u00e8les sont disponibles. Contactez moi par email pour faire un devis et un mockup de votre paire.<\/div><\/div>\t\t\t\t\t\t\t\t<\/div>\n\t\t\t\t<\/div>\n\t\t\t\t<div class=\"elementor-element elementor-element-f14d1d2 elementor-align-center elementor-widget elementor-widget-button\" data-id=\"f14d1d2\" data-element_type=\"widget\" data-e-type=\"widget\" data-widget_type=\"button.default\">\n\t\t\t\t<div class=\"elementor-widget-container\">\n\t\t\t\t\t\t\t\t\t<div class=\"elementor-button-wrapper\">\n\t\t\t\t\t<a class=\"elementor-button elementor-button-link elementor-size-sm elementor-animation-grow\" href=\"https:\/\/philsneaker.fr\/index.php\/contact\/\">\n\t\t\t\t\t\t<span class=\"elementor-button-content-wrapper\">\n\t\t\t\t\t\t\t\t\t<span class=\"elementor-button-text\">NOUS CONTACTER<\/span>\n\t\t\t\t\t<\/span>\n\t\t\t\t\t<\/a>\n\t\t\t\t<\/div>\n\t\t\t\t\t\t\t\t<\/div>\n\t\t\t\t<\/div>\n\t\t\t\t\t<\/div>\n\t\t\t\t<\/div>\n\t\t\t\t<\/div>\n\t\t","protected":false},"excerpt":{"rendered":"<p>Bespoke \u00a0Le bespoke c&rsquo;est quoi ?C&rsquo;est la r\u00e9alisation d&rsquo;une paire sur mesure en cuir .Envie d&rsquo;\u00eatre diff\u00e9rent, d&rsquo;avoir une paire unique .Faite r\u00e9aliser la paire de vos r\u00eaves que ce soit\u00a0 pour une grande occasion ; mariage anniversaire ou pour votre plaisir.Je donnerais vie a vos id\u00e9es. Faite r\u00e9aliser la paire de vos r\u00eaves sur&#8230;<\/p>\n","protected":false},"author":1,"featured_media":0,"parent":211,"menu_order":0,"comment_status":"closed","ping_status":"closed","template":"elementor_header_footer","meta":{"_kad_post_transparent":"","_kad_post_title":"hide","_kad_post_layout":"fullwidth","_kad_post_sidebar_id":"","_kad_post_content_style":"unboxed","_kad_post_vertical_padding":"hide","_kad_post_feature":"hide","_kad_post_feature_position":"","_kad_post_header":false,"_kad_post_footer":false,"footnotes":""},"class_list":["post-852","page","type-page","status-publish","hentry"],"yoast_head":"<!-- This site is optimized with the Yoast SEO plugin v27.4 - https:\/\/yoast.com\/product\/yoast-seo-wordpress\/ -->\n<title>Bespoke - Phil Sneaker<\/title>\n<meta name=\"robots\" content=\"index, follow, max-snippet:-1, max-image-preview:large, max-video-preview:-1\" \/>\n<link rel=\"canonical\" href=\"https:\/\/philsneaker.fr\/index.php\/services\/customs\/\" \/>\n<meta property=\"og:locale\" content=\"fr_FR\" \/>\n<meta property=\"og:type\" content=\"article\" \/>\n<meta property=\"og:title\" content=\"Bespoke - Phil Sneaker\" \/>\n<meta property=\"og:description\" content=\"Bespoke \u00a0Le bespoke c&rsquo;est quoi ?C&rsquo;est la r\u00e9alisation d&rsquo;une paire sur mesure en cuir .Envie d&rsquo;\u00eatre diff\u00e9rent, d&rsquo;avoir une paire unique .Faite r\u00e9aliser la paire de vos r\u00eaves que ce soit\u00a0 pour une grande occasion ; mariage anniversaire ou pour votre plaisir.Je donnerais vie a vos id\u00e9es. Faite r\u00e9aliser la paire de vos r\u00eaves sur...\" \/>\n<meta property=\"og:url\" content=\"https:\/\/philsneaker.fr\/index.php\/services\/customs\/\" \/>\n<meta property=\"og:site_name\" content=\"Phil Sneaker\" \/>\n<meta property=\"article:modified_time\" content=\"2024-07-31T07:38:47+00:00\" \/>\n<meta name=\"twitter:card\" content=\"summary_large_image\" \/>\n<meta name=\"twitter:label1\" content=\"Dur\u00e9e de lecture estim\u00e9e\" \/>\n\t<meta name=\"twitter:data1\" content=\"1 minute\" \/>\n<script type=\"application\/ld+json\" class=\"yoast-schema-graph\">{\"@context\":\"https:\\\/\\\/schema.org\",\"@graph\":[{\"@type\":\"WebPage\",\"@id\":\"https:\\\/\\\/philsneaker.fr\\\/index.php\\\/services\\\/customs\\\/\",\"url\":\"https:\\\/\\\/philsneaker.fr\\\/index.php\\\/services\\\/customs\\\/\",\"name\":\"Bespoke - Phil Sneaker\",\"isPartOf\":{\"@id\":\"https:\\\/\\\/philsneaker.fr\\\/#website\"},\"datePublished\":\"2024-07-22T12:42:55+00:00\",\"dateModified\":\"2024-07-31T07:38:47+00:00\",\"breadcrumb\":{\"@id\":\"https:\\\/\\\/philsneaker.fr\\\/index.php\\\/services\\\/customs\\\/#breadcrumb\"},\"inLanguage\":\"fr-FR\",\"potentialAction\":[{\"@type\":\"ReadAction\",\"target\":[\"https:\\\/\\\/philsneaker.fr\\\/index.php\\\/services\\\/customs\\\/\"]}]},{\"@type\":\"BreadcrumbList\",\"@id\":\"https:\\\/\\\/philsneaker.fr\\\/index.php\\\/services\\\/customs\\\/#breadcrumb\",\"itemListElement\":[{\"@type\":\"ListItem\",\"position\":1,\"name\":\"Accueil\",\"item\":\"https:\\\/\\\/philsneaker.fr\\\/\"},{\"@type\":\"ListItem\",\"position\":2,\"name\":\"Services\",\"item\":\"https:\\\/\\\/philsneaker.fr\\\/index.php\\\/services\\\/\"},{\"@type\":\"ListItem\",\"position\":3,\"name\":\"Bespoke\"}]},{\"@type\":\"WebSite\",\"@id\":\"https:\\\/\\\/philsneaker.fr\\\/#website\",\"url\":\"https:\\\/\\\/philsneaker.fr\\\/\",\"name\":\"Phil Sneaker\",\"description\":\"Shoes Restor\",\"publisher\":{\"@id\":\"https:\\\/\\\/philsneaker.fr\\\/#organization\"},\"potentialAction\":[{\"@type\":\"SearchAction\",\"target\":{\"@type\":\"EntryPoint\",\"urlTemplate\":\"https:\\\/\\\/philsneaker.fr\\\/?s={search_term_string}\"},\"query-input\":{\"@type\":\"PropertyValueSpecification\",\"valueRequired\":true,\"valueName\":\"search_term_string\"}}],\"inLanguage\":\"fr-FR\"},{\"@type\":\"Organization\",\"@id\":\"https:\\\/\\\/philsneaker.fr\\\/#organization\",\"name\":\"Phil Sneaker\",\"url\":\"https:\\\/\\\/philsneaker.fr\\\/\",\"logo\":{\"@type\":\"ImageObject\",\"inLanguage\":\"fr-FR\",\"@id\":\"https:\\\/\\\/philsneaker.fr\\\/#\\\/schema\\\/logo\\\/image\\\/\",\"url\":\"https:\\\/\\\/philsneaker.fr\\\/wp-content\\\/uploads\\\/2024\\\/07\\\/cropped-Logo-temp-PS-1-1.png\",\"contentUrl\":\"https:\\\/\\\/philsneaker.fr\\\/wp-content\\\/uploads\\\/2024\\\/07\\\/cropped-Logo-temp-PS-1-1.png\",\"width\":596,\"height\":596,\"caption\":\"Phil Sneaker\"},\"image\":{\"@id\":\"https:\\\/\\\/philsneaker.fr\\\/#\\\/schema\\\/logo\\\/image\\\/\"}}]}<\/script>\n<!-- \/ Yoast SEO plugin. -->","yoast_head_json":{"title":"Bespoke - Phil Sneaker","robots":{"index":"index","follow":"follow","max-snippet":"max-snippet:-1","max-image-preview":"max-image-preview:large","max-video-preview":"max-video-preview:-1"},"canonical":"https:\/\/philsneaker.fr\/index.php\/services\/customs\/","og_locale":"fr_FR","og_type":"article","og_title":"Bespoke - Phil Sneaker","og_description":"Bespoke \u00a0Le bespoke c&rsquo;est quoi ?C&rsquo;est la r\u00e9alisation d&rsquo;une paire sur mesure en cuir .Envie d&rsquo;\u00eatre diff\u00e9rent, d&rsquo;avoir une paire unique .Faite r\u00e9aliser la paire de vos r\u00eaves que ce soit\u00a0 pour une grande occasion ; mariage anniversaire ou pour votre plaisir.Je donnerais vie a vos id\u00e9es. Faite r\u00e9aliser la paire de vos r\u00eaves sur...","og_url":"https:\/\/philsneaker.fr\/index.php\/services\/customs\/","og_site_name":"Phil Sneaker","article_modified_time":"2024-07-31T07:38:47+00:00","twitter_card":"summary_large_image","twitter_misc":{"Dur\u00e9e de lecture estim\u00e9e":"1 minute"},"schema":{"@context":"https:\/\/schema.org","@graph":[{"@type":"WebPage","@id":"https:\/\/philsneaker.fr\/index.php\/services\/customs\/","url":"https:\/\/philsneaker.fr\/index.php\/services\/customs\/","name":"Bespoke - Phil Sneaker","isPartOf":{"@id":"https:\/\/philsneaker.fr\/#website"},"datePublished":"2024-07-22T12:42:55+00:00","dateModified":"2024-07-31T07:38:47+00:00","breadcrumb":{"@id":"https:\/\/philsneaker.fr\/index.php\/services\/customs\/#breadcrumb"},"inLanguage":"fr-FR","potentialAction":[{"@type":"ReadAction","target":["https:\/\/philsneaker.fr\/index.php\/services\/customs\/"]}]},{"@type":"BreadcrumbList","@id":"https:\/\/philsneaker.fr\/index.php\/services\/customs\/#breadcrumb","itemListElement":[{"@type":"ListItem","position":1,"name":"Accueil","item":"https:\/\/philsneaker.fr\/"},{"@type":"ListItem","position":2,"name":"Services","item":"https:\/\/philsneaker.fr\/index.php\/services\/"},{"@type":"ListItem","position":3,"name":"Bespoke"}]},{"@type":"WebSite","@id":"https:\/\/philsneaker.fr\/#website","url":"https:\/\/philsneaker.fr\/","name":"Phil Sneaker","description":"Shoes Restor","publisher":{"@id":"https:\/\/philsneaker.fr\/#organization"},"potentialAction":[{"@type":"SearchAction","target":{"@type":"EntryPoint","urlTemplate":"https:\/\/philsneaker.fr\/?s={search_term_string}"},"query-input":{"@type":"PropertyValueSpecification","valueRequired":true,"valueName":"search_term_string"}}],"inLanguage":"fr-FR"},{"@type":"Organization","@id":"https:\/\/philsneaker.fr\/#organization","name":"Phil Sneaker","url":"https:\/\/philsneaker.fr\/","logo":{"@type":"ImageObject","inLanguage":"fr-FR","@id":"https:\/\/philsneaker.fr\/#\/schema\/logo\/image\/","url":"https:\/\/philsneaker.fr\/wp-content\/uploads\/2024\/07\/cropped-Logo-temp-PS-1-1.png","contentUrl":"https:\/\/philsneaker.fr\/wp-content\/uploads\/2024\/07\/cropped-Logo-temp-PS-1-1.png","width":596,"height":596,"caption":"Phil Sneaker"},"image":{"@id":"https:\/\/philsneaker.fr\/#\/schema\/logo\/image\/"}}]}},"jetpack_sharing_enabled":true,"_links":{"self":[{"href":"https:\/\/philsneaker.fr\/index.php\/wp-json\/wp\/v2\/pages\/852","targetHints":{"allow":["GET"]}}],"collection":[{"href":"https:\/\/philsneaker.fr\/index.php\/wp-json\/wp\/v2\/pages"}],"about":[{"href":"https:\/\/philsneaker.fr\/index.php\/wp-json\/wp\/v2\/types\/page"}],"author":[{"embeddable":true,"href":"https:\/\/philsneaker.fr\/index.php\/wp-json\/wp\/v2\/users\/1"}],"replies":[{"embeddable":true,"href":"https:\/\/philsneaker.fr\/index.php\/wp-json\/wp\/v2\/comments?post=852"}],"version-history":[{"count":14,"href":"https:\/\/philsneaker.fr\/index.php\/wp-json\/wp\/v2\/pages\/852\/revisions"}],"predecessor-version":[{"id":1124,"href":"https:\/\/philsneaker.fr\/index.php\/wp-json\/wp\/v2\/pages\/852\/revisions\/1124"}],"up":[{"embeddable":true,"href":"https:\/\/philsneaker.fr\/index.php\/wp-json\/wp\/v2\/pages\/211"}],"wp:attachment":[{"href":"https:\/\/philsneaker.fr\/index.php\/wp-json\/wp\/v2\/media?parent=852"}],"curies":[{"name":"wp","href":"https:\/\/api.w.org\/{rel}","templated":true}]}}