{"id":211,"date":"2024-07-11T10:59:57","date_gmt":"2024-07-11T08:59:57","guid":{"rendered":"http:\/\/philsneaker.fr\/?page_id=211"},"modified":"2024-08-01T09:35:35","modified_gmt":"2024-08-01T07:35:35","slug":"services","status":"publish","type":"page","link":"https:\/\/philsneaker.fr\/index.php\/services\/","title":{"rendered":"Services"},"content":{"rendered":"\t\t<div data-elementor-type=\"wp-page\" data-elementor-id=\"211\" class=\"elementor elementor-211\">\n\t\t\t\t<div class=\"elementor-element elementor-element-a9ab7e4 e-flex e-con-boxed e-con e-parent\" data-id=\"a9ab7e4\" data-element_type=\"container\" data-e-type=\"container\">\n\t\t\t\t\t<div class=\"e-con-inner\">\n\t\t\t\t<div class=\"elementor-element elementor-element-4dc4f99 elementor-widget elementor-widget-spacer\" data-id=\"4dc4f99\" data-element_type=\"widget\" data-e-type=\"widget\" data-widget_type=\"spacer.default\">\n\t\t\t\t<div class=\"elementor-widget-container\">\n\t\t\t\t\t\t\t<div class=\"elementor-spacer\">\n\t\t\t<div class=\"elementor-spacer-inner\"><\/div>\n\t\t<\/div>\n\t\t\t\t\t\t<\/div>\n\t\t\t\t<\/div>\n\t\t\t\t<div class=\"elementor-element elementor-element-66f1d2a elementor-widget elementor-widget-heading\" data-id=\"66f1d2a\" data-element_type=\"widget\" data-e-type=\"widget\" data-widget_type=\"heading.default\">\n\t\t\t\t<div class=\"elementor-widget-container\">\n\t\t\t\t\t<h2 class=\"elementor-heading-title elementor-size-default\">Nos Services<\/h2>\t\t\t\t<\/div>\n\t\t\t\t<\/div>\n\t\t\t\t<div class=\"elementor-element elementor-element-0f96024 elementor-widget elementor-widget-spacer\" data-id=\"0f96024\" data-element_type=\"widget\" data-e-type=\"widget\" data-widget_type=\"spacer.default\">\n\t\t\t\t<div class=\"elementor-widget-container\">\n\t\t\t\t\t\t\t<div class=\"elementor-spacer\">\n\t\t\t<div class=\"elementor-spacer-inner\"><\/div>\n\t\t<\/div>\n\t\t\t\t\t\t<\/div>\n\t\t\t\t<\/div>\n\t\t\t\t\t<\/div>\n\t\t\t\t<\/div>\n\t\t<div class=\"elementor-element elementor-element-6527b17 e-flex e-con-boxed e-con e-parent\" data-id=\"6527b17\" data-element_type=\"container\" data-e-type=\"container\">\n\t\t\t\t\t<div class=\"e-con-inner\">\n\t\t<div class=\"elementor-element elementor-element-4bea24b e-con-full e-flex e-con e-child\" data-id=\"4bea24b\" data-element_type=\"container\" data-e-type=\"container\" data-settings=\"{&quot;background_background&quot;:&quot;classic&quot;}\">\n\t\t\t\t<\/div>\n\t\t<div class=\"elementor-element elementor-element-4ca9a2c e-con-full e-flex e-con e-child\" data-id=\"4ca9a2c\" data-element_type=\"container\" data-e-type=\"container\">\n\t\t\t\t<div class=\"elementor-element elementor-element-5295c7a elementor-widget elementor-widget-heading\" data-id=\"5295c7a\" data-element_type=\"widget\" data-e-type=\"widget\" data-widget_type=\"heading.default\">\n\t\t\t\t<div class=\"elementor-widget-container\">\n\t\t\t\t\t<h2 class=\"elementor-heading-title elementor-size-default\">Phil Sneaker : un savoir-faire<\/h2>\t\t\t\t<\/div>\n\t\t\t\t<\/div>\n\t\t\t\t<div class=\"elementor-element elementor-element-4d58cb8 elementor-widget elementor-widget-spacer\" data-id=\"4d58cb8\" data-element_type=\"widget\" data-e-type=\"widget\" data-widget_type=\"spacer.default\">\n\t\t\t\t<div class=\"elementor-widget-container\">\n\t\t\t\t\t\t\t<div class=\"elementor-spacer\">\n\t\t\t<div class=\"elementor-spacer-inner\"><\/div>\n\t\t<\/div>\n\t\t\t\t\t\t<\/div>\n\t\t\t\t<\/div>\n\t\t\t\t<div class=\"elementor-element elementor-element-b6312f8 elementor-widget elementor-widget-text-editor\" data-id=\"b6312f8\" data-element_type=\"widget\" data-e-type=\"widget\" data-widget_type=\"text-editor.default\">\n\t\t\t\t<div class=\"elementor-widget-container\">\n\t\t\t\t\t\t\t\t\t<p>Bienvenue dans notre espace d\u00e9di\u00e9 \u00e0 l\u2019art de la cr\u00e9ation. Chez Phil Sneaker, nous cr\u00e9ons vos baskets et v\u00eatements en pi\u00e8ces uniques, alliant savoir-faire et cr\u00e9ativit\u00e9. D\u00e9couvrez nos services de customisation personnalis\u00e9e, nos collaborations exclusives, et notre expertise en r\u00e9novation. Que vous souhaitiez un design sur-mesure ou redonner vie \u00e0 vos articles pr\u00e9f\u00e9r\u00e9s, notre \u00e9quipe est \u00e0 votre \u00e9coute pour r\u00e9aliser vos envies.<\/p>\t\t\t\t\t\t\t\t<\/div>\n\t\t\t\t<\/div>\n\t\t\t\t<\/div>\n\t\t\t\t\t<\/div>\n\t\t\t\t<\/div>\n\t\t<div class=\"elementor-element elementor-element-47306eb e-flex e-con-boxed e-con e-parent\" data-id=\"47306eb\" data-element_type=\"container\" data-e-type=\"container\">\n\t\t\t\t\t<div class=\"e-con-inner\">\n\t\t\t\t<div class=\"elementor-element elementor-element-8af8102 elementor-widget elementor-widget-spacer\" data-id=\"8af8102\" data-element_type=\"widget\" data-e-type=\"widget\" data-widget_type=\"spacer.default\">\n\t\t\t\t<div class=\"elementor-widget-container\">\n\t\t\t\t\t\t\t<div class=\"elementor-spacer\">\n\t\t\t<div class=\"elementor-spacer-inner\"><\/div>\n\t\t<\/div>\n\t\t\t\t\t\t<\/div>\n\t\t\t\t<\/div>\n\t\t\t\t\t<\/div>\n\t\t\t\t<\/div>\n\t\t<div class=\"elementor-element elementor-element-42ddac0 e-flex e-con-boxed e-con e-parent\" data-id=\"42ddac0\" data-element_type=\"container\" data-e-type=\"container\">\n\t\t\t\t\t<div class=\"e-con-inner\">\n\t\t<a class=\"elementor-element elementor-element-71947fd e-con-full e-flex e-con e-child\" data-id=\"71947fd\" data-element_type=\"container\" data-e-type=\"container\" data-settings=\"{&quot;background_background&quot;:&quot;classic&quot;}\" href=\"https:\/\/philsneaker.fr\/index.php\/services\/entretien\/\">\n\t\t\t\t<div class=\"elementor-element elementor-element-09d962e elementor-widget elementor-widget-image\" data-id=\"09d962e\" data-element_type=\"widget\" data-e-type=\"widget\" data-widget_type=\"image.default\">\n\t\t\t\t<div class=\"elementor-widget-container\">\n\t\t\t\t\t\t\t\t\t\t\t\t\t\t\t<img decoding=\"async\" width=\"150\" height=\"150\" src=\"https:\/\/philsneaker.fr\/wp-content\/uploads\/2024\/07\/renov-150x150.png\" class=\"attachment-thumbnail size-thumbnail wp-image-221\" alt=\"\" srcset=\"https:\/\/philsneaker.fr\/wp-content\/uploads\/2024\/07\/renov-150x150.png 150w, https:\/\/philsneaker.fr\/wp-content\/uploads\/2024\/07\/renov-300x300.png 300w, https:\/\/philsneaker.fr\/wp-content\/uploads\/2024\/07\/renov-100x100.png 100w, https:\/\/philsneaker.fr\/wp-content\/uploads\/2024\/07\/renov.png 512w\" sizes=\"(max-width: 150px) 100vw, 150px\" \/>\t\t\t\t\t\t\t\t\t\t\t\t\t\t\t<\/div>\n\t\t\t\t<\/div>\n\t\t\t\t<div class=\"elementor-element elementor-element-0e7b30e elementor-widget elementor-widget-heading\" data-id=\"0e7b30e\" data-element_type=\"widget\" data-e-type=\"widget\" data-widget_type=\"heading.default\">\n\t\t\t\t<div class=\"elementor-widget-container\">\n\t\t\t\t\t<h2 class=\"elementor-heading-title elementor-size-default\">EntretienT<\/h2>\t\t\t\t<\/div>\n\t\t\t\t<\/div>\n\t\t\t\t<div class=\"elementor-element elementor-element-3abac07 elementor-widget elementor-widget-text-editor\" data-id=\"3abac07\" data-element_type=\"widget\" data-e-type=\"widget\" data-widget_type=\"text-editor.default\">\n\t\t\t\t<div class=\"elementor-widget-container\">\n\t\t\t\t\t\t\t\t\t<div dir=\"auto\">Faite nettoyer, restaurer\u00a0 et r\u00e9nover vos sneakers.<\/div><div dir=\"auto\">Possibilit\u00e9 d&rsquo;envoi France et Europe me contacter .<\/div><div dir=\"auto\">\u00a0<\/div>\t\t\t\t\t\t\t\t<\/div>\n\t\t\t\t<\/div>\n\t\t\t\t<\/a>\n\t\t<a class=\"elementor-element elementor-element-bbf1372 e-con-full e-flex e-con e-child\" data-id=\"bbf1372\" data-element_type=\"container\" data-e-type=\"container\" data-settings=\"{&quot;background_background&quot;:&quot;classic&quot;}\" href=\"https:\/\/philsneaker.fr\/index.php\/services\/customs\/\">\n\t\t\t\t<div class=\"elementor-element elementor-element-0013b0d elementor-widget elementor-widget-image\" data-id=\"0013b0d\" data-element_type=\"widget\" data-e-type=\"widget\" data-widget_type=\"image.default\">\n\t\t\t\t<div class=\"elementor-widget-container\">\n\t\t\t\t\t\t\t\t\t\t\t\t\t\t\t<img decoding=\"async\" width=\"150\" height=\"150\" src=\"https:\/\/philsneaker.fr\/wp-content\/uploads\/2024\/07\/custom-150x150.png\" class=\"attachment-thumbnail size-thumbnail wp-image-220\" alt=\"\" srcset=\"https:\/\/philsneaker.fr\/wp-content\/uploads\/2024\/07\/custom-150x150.png 150w, https:\/\/philsneaker.fr\/wp-content\/uploads\/2024\/07\/custom-300x300.png 300w, https:\/\/philsneaker.fr\/wp-content\/uploads\/2024\/07\/custom-100x100.png 100w, https:\/\/philsneaker.fr\/wp-content\/uploads\/2024\/07\/custom.png 512w\" sizes=\"(max-width: 150px) 100vw, 150px\" \/>\t\t\t\t\t\t\t\t\t\t\t\t\t\t\t<\/div>\n\t\t\t\t<\/div>\n\t\t\t\t<div class=\"elementor-element elementor-element-36ddb49 elementor-widget elementor-widget-heading\" data-id=\"36ddb49\" data-element_type=\"widget\" data-e-type=\"widget\" data-widget_type=\"heading.default\">\n\t\t\t\t<div class=\"elementor-widget-container\">\n\t\t\t\t\t<h2 class=\"elementor-heading-title elementor-size-default\">Bespoke<\/h2>\t\t\t\t<\/div>\n\t\t\t\t<\/div>\n\t\t\t\t<div class=\"elementor-element elementor-element-018d5b5 elementor-widget elementor-widget-text-editor\" data-id=\"018d5b5\" data-element_type=\"widget\" data-e-type=\"widget\" data-widget_type=\"text-editor.default\">\n\t\t\t\t<div class=\"elementor-widget-container\">\n\t\t\t\t\t\t\t\t\t<p>Faire r\u00e9aliser votre paire de sneakers unique avec notre service de cr\u00e9ation expert.<\/p>\t\t\t\t\t\t\t\t<\/div>\n\t\t\t\t<\/div>\n\t\t\t\t<\/a>\n\t\t<a class=\"elementor-element elementor-element-dea5ca3 e-con-full e-flex e-con e-child\" data-id=\"dea5ca3\" data-element_type=\"container\" data-e-type=\"container\" data-settings=\"{&quot;background_background&quot;:&quot;classic&quot;}\" href=\"https:\/\/philsneaker.fr\/index.php\/cours\/\">\n\t\t\t\t<div class=\"elementor-element elementor-element-ff4089a elementor-widget elementor-widget-image\" data-id=\"ff4089a\" data-element_type=\"widget\" data-e-type=\"widget\" data-widget_type=\"image.default\">\n\t\t\t\t<div class=\"elementor-widget-container\">\n\t\t\t\t\t\t\t\t\t\t\t\t\t\t\t<img decoding=\"async\" width=\"150\" height=\"150\" src=\"https:\/\/philsneaker.fr\/wp-content\/uploads\/2024\/07\/remote-work_14108756-150x150.png\" class=\"attachment-thumbnail size-thumbnail wp-image-406\" alt=\"\" srcset=\"https:\/\/philsneaker.fr\/wp-content\/uploads\/2024\/07\/remote-work_14108756-150x150.png 150w, https:\/\/philsneaker.fr\/wp-content\/uploads\/2024\/07\/remote-work_14108756-300x300.png 300w, https:\/\/philsneaker.fr\/wp-content\/uploads\/2024\/07\/remote-work_14108756-100x100.png 100w, https:\/\/philsneaker.fr\/wp-content\/uploads\/2024\/07\/remote-work_14108756.png 512w\" sizes=\"(max-width: 150px) 100vw, 150px\" \/>\t\t\t\t\t\t\t\t\t\t\t\t\t\t\t<\/div>\n\t\t\t\t<\/div>\n\t\t\t\t<div class=\"elementor-element elementor-element-d8d261f elementor-widget elementor-widget-heading\" data-id=\"d8d261f\" data-element_type=\"widget\" data-e-type=\"widget\" data-widget_type=\"heading.default\">\n\t\t\t\t<div class=\"elementor-widget-container\">\n\t\t\t\t\t<h2 class=\"elementor-heading-title elementor-size-default\">Formation<\/h2>\t\t\t\t<\/div>\n\t\t\t\t<\/div>\n\t\t\t\t<div class=\"elementor-element elementor-element-971b9c0 elementor-widget elementor-widget-text-editor\" data-id=\"971b9c0\" data-element_type=\"widget\" data-e-type=\"widget\" data-widget_type=\"text-editor.default\">\n\t\t\t\t<div class=\"elementor-widget-container\">\n\t\t\t\t\t\t\t\t\t<p>Venez apprendre \u00e0 r\u00e9aliser vos sneakers dans un atelier tout \u00e9quip\u00e9 \u00e0 20 minutes de Pau.<\/p>\t\t\t\t\t\t\t\t<\/div>\n\t\t\t\t<\/div>\n\t\t\t\t<\/a>\n\t\t<a class=\"elementor-element elementor-element-35eecf5 e-con-full e-flex e-con e-child\" data-id=\"35eecf5\" data-element_type=\"container\" data-e-type=\"container\" data-settings=\"{&quot;background_background&quot;:&quot;classic&quot;}\" href=\"https:\/\/philsneaker.fr\/index.php\/services\/collabs\/\">\n\t\t\t\t<div class=\"elementor-element elementor-element-32d59d4 elementor-widget elementor-widget-image\" data-id=\"32d59d4\" data-element_type=\"widget\" data-e-type=\"widget\" data-widget_type=\"image.default\">\n\t\t\t\t<div class=\"elementor-widget-container\">\n\t\t\t\t\t\t\t\t\t\t\t\t\t\t\t<img loading=\"lazy\" decoding=\"async\" width=\"150\" height=\"150\" src=\"https:\/\/philsneaker.fr\/wp-content\/uploads\/2024\/07\/collabs-150x150.png\" class=\"attachment-thumbnail size-thumbnail wp-image-219\" alt=\"\" srcset=\"https:\/\/philsneaker.fr\/wp-content\/uploads\/2024\/07\/collabs-150x150.png 150w, https:\/\/philsneaker.fr\/wp-content\/uploads\/2024\/07\/collabs-300x300.png 300w, https:\/\/philsneaker.fr\/wp-content\/uploads\/2024\/07\/collabs-100x100.png 100w, https:\/\/philsneaker.fr\/wp-content\/uploads\/2024\/07\/collabs.png 512w\" sizes=\"(max-width: 150px) 100vw, 150px\" \/>\t\t\t\t\t\t\t\t\t\t\t\t\t\t\t<\/div>\n\t\t\t\t<\/div>\n\t\t\t\t<div class=\"elementor-element elementor-element-836ef10 elementor-widget elementor-widget-heading\" data-id=\"836ef10\" data-element_type=\"widget\" data-e-type=\"widget\" data-widget_type=\"heading.default\">\n\t\t\t\t<div class=\"elementor-widget-container\">\n\t\t\t\t\t<h2 class=\"elementor-heading-title elementor-size-default\">Collabs<\/h2>\t\t\t\t<\/div>\n\t\t\t\t<\/div>\n\t\t\t\t<div class=\"elementor-element elementor-element-90ffaa4 elementor-widget elementor-widget-text-editor\" data-id=\"90ffaa4\" data-element_type=\"widget\" data-e-type=\"widget\" data-widget_type=\"text-editor.default\">\n\t\t\t\t<div class=\"elementor-widget-container\">\n\t\t\t\t\t\t\t\t\t<p>D\u00e9couvrez nos collaborations exclusives avec des artistes et des marques renomm\u00e9es, offrant des designs uniques et limit\u00e9s.<\/p>\t\t\t\t\t\t\t\t<\/div>\n\t\t\t\t<\/div>\n\t\t\t\t<\/a>\n\t\t\t\t\t<\/div>\n\t\t\t\t<\/div>\n\t\t<div class=\"elementor-element elementor-element-3627d38 e-flex e-con-boxed e-con e-parent\" data-id=\"3627d38\" data-element_type=\"container\" data-e-type=\"container\">\n\t\t\t\t\t<div class=\"e-con-inner\">\n\t\t\t\t<div class=\"elementor-element elementor-element-aef4167 elementor-widget elementor-widget-spacer\" data-id=\"aef4167\" data-element_type=\"widget\" data-e-type=\"widget\" data-widget_type=\"spacer.default\">\n\t\t\t\t<div class=\"elementor-widget-container\">\n\t\t\t\t\t\t\t<div class=\"elementor-spacer\">\n\t\t\t<div class=\"elementor-spacer-inner\"><\/div>\n\t\t<\/div>\n\t\t\t\t\t\t<\/div>\n\t\t\t\t<\/div>\n\t\t\t\t\t<\/div>\n\t\t\t\t<\/div>\n\t\t\t\t<\/div>\n\t\t","protected":false},"excerpt":{"rendered":"<p>Nos Services Phil Sneaker : un savoir-faire Bienvenue dans notre espace d\u00e9di\u00e9 \u00e0 l\u2019art de la cr\u00e9ation. Chez Phil Sneaker, nous cr\u00e9ons vos baskets et v\u00eatements en pi\u00e8ces uniques, alliant savoir-faire et cr\u00e9ativit\u00e9. D\u00e9couvrez nos services de customisation personnalis\u00e9e, nos collaborations exclusives, et notre expertise en r\u00e9novation. Que vous souhaitiez un design sur-mesure ou redonner&#8230;<\/p>\n","protected":false},"author":1,"featured_media":0,"parent":0,"menu_order":0,"comment_status":"closed","ping_status":"closed","template":"elementor_header_footer","meta":{"_kad_post_transparent":"","_kad_post_title":"","_kad_post_layout":"","_kad_post_sidebar_id":"","_kad_post_content_style":"","_kad_post_vertical_padding":"","_kad_post_feature":"","_kad_post_feature_position":"","_kad_post_header":false,"_kad_post_footer":false,"footnotes":""},"class_list":["post-211","page","type-page","status-publish","hentry"],"yoast_head":"<!-- This site is optimized with the Yoast SEO plugin v27.4 - https:\/\/yoast.com\/product\/yoast-seo-wordpress\/ -->\n<title>Services - Phil Sneaker<\/title>\n<meta name=\"robots\" content=\"index, follow, max-snippet:-1, max-image-preview:large, max-video-preview:-1\" \/>\n<link rel=\"canonical\" href=\"https:\/\/philsneaker.fr\/index.php\/services\/\" \/>\n<meta property=\"og:locale\" content=\"fr_FR\" \/>\n<meta property=\"og:type\" content=\"article\" \/>\n<meta property=\"og:title\" content=\"Services - Phil Sneaker\" \/>\n<meta property=\"og:description\" content=\"Nos Services Phil Sneaker : un savoir-faire Bienvenue dans notre espace d\u00e9di\u00e9 \u00e0 l\u2019art de la cr\u00e9ation. Chez Phil Sneaker, nous cr\u00e9ons vos baskets et v\u00eatements en pi\u00e8ces uniques, alliant savoir-faire et cr\u00e9ativit\u00e9. D\u00e9couvrez nos services de customisation personnalis\u00e9e, nos collaborations exclusives, et notre expertise en r\u00e9novation. Que vous souhaitiez un design sur-mesure ou redonner...\" \/>\n<meta property=\"og:url\" content=\"https:\/\/philsneaker.fr\/index.php\/services\/\" \/>\n<meta property=\"og:site_name\" content=\"Phil Sneaker\" \/>\n<meta property=\"article:modified_time\" content=\"2024-08-01T07:35:35+00:00\" \/>\n<meta property=\"og:image\" content=\"http:\/\/philsneaker.fr\/wp-content\/uploads\/2024\/07\/renov-150x150.png\" \/>\n<meta name=\"twitter:card\" content=\"summary_large_image\" \/>\n<meta name=\"twitter:label1\" content=\"Dur\u00e9e de lecture estim\u00e9e\" \/>\n\t<meta name=\"twitter:data1\" content=\"2 minutes\" \/>\n<script type=\"application\/ld+json\" class=\"yoast-schema-graph\">{\"@context\":\"https:\\\/\\\/schema.org\",\"@graph\":[{\"@type\":\"WebPage\",\"@id\":\"https:\\\/\\\/philsneaker.fr\\\/index.php\\\/services\\\/\",\"url\":\"https:\\\/\\\/philsneaker.fr\\\/index.php\\\/services\\\/\",\"name\":\"Services - Phil Sneaker\",\"isPartOf\":{\"@id\":\"https:\\\/\\\/philsneaker.fr\\\/#website\"},\"primaryImageOfPage\":{\"@id\":\"https:\\\/\\\/philsneaker.fr\\\/index.php\\\/services\\\/#primaryimage\"},\"image\":{\"@id\":\"https:\\\/\\\/philsneaker.fr\\\/index.php\\\/services\\\/#primaryimage\"},\"thumbnailUrl\":\"http:\\\/\\\/philsneaker.fr\\\/wp-content\\\/uploads\\\/2024\\\/07\\\/renov-150x150.png\",\"datePublished\":\"2024-07-11T08:59:57+00:00\",\"dateModified\":\"2024-08-01T07:35:35+00:00\",\"breadcrumb\":{\"@id\":\"https:\\\/\\\/philsneaker.fr\\\/index.php\\\/services\\\/#breadcrumb\"},\"inLanguage\":\"fr-FR\",\"potentialAction\":[{\"@type\":\"ReadAction\",\"target\":[\"https:\\\/\\\/philsneaker.fr\\\/index.php\\\/services\\\/\"]}]},{\"@type\":\"ImageObject\",\"inLanguage\":\"fr-FR\",\"@id\":\"https:\\\/\\\/philsneaker.fr\\\/index.php\\\/services\\\/#primaryimage\",\"url\":\"https:\\\/\\\/philsneaker.fr\\\/wp-content\\\/uploads\\\/2024\\\/07\\\/renov.png\",\"contentUrl\":\"https:\\\/\\\/philsneaker.fr\\\/wp-content\\\/uploads\\\/2024\\\/07\\\/renov.png\",\"width\":512,\"height\":512},{\"@type\":\"BreadcrumbList\",\"@id\":\"https:\\\/\\\/philsneaker.fr\\\/index.php\\\/services\\\/#breadcrumb\",\"itemListElement\":[{\"@type\":\"ListItem\",\"position\":1,\"name\":\"Accueil\",\"item\":\"https:\\\/\\\/philsneaker.fr\\\/\"},{\"@type\":\"ListItem\",\"position\":2,\"name\":\"Services\"}]},{\"@type\":\"WebSite\",\"@id\":\"https:\\\/\\\/philsneaker.fr\\\/#website\",\"url\":\"https:\\\/\\\/philsneaker.fr\\\/\",\"name\":\"Phil Sneaker\",\"description\":\"Shoes Restor\",\"publisher\":{\"@id\":\"https:\\\/\\\/philsneaker.fr\\\/#organization\"},\"potentialAction\":[{\"@type\":\"SearchAction\",\"target\":{\"@type\":\"EntryPoint\",\"urlTemplate\":\"https:\\\/\\\/philsneaker.fr\\\/?s={search_term_string}\"},\"query-input\":{\"@type\":\"PropertyValueSpecification\",\"valueRequired\":true,\"valueName\":\"search_term_string\"}}],\"inLanguage\":\"fr-FR\"},{\"@type\":\"Organization\",\"@id\":\"https:\\\/\\\/philsneaker.fr\\\/#organization\",\"name\":\"Phil Sneaker\",\"url\":\"https:\\\/\\\/philsneaker.fr\\\/\",\"logo\":{\"@type\":\"ImageObject\",\"inLanguage\":\"fr-FR\",\"@id\":\"https:\\\/\\\/philsneaker.fr\\\/#\\\/schema\\\/logo\\\/image\\\/\",\"url\":\"https:\\\/\\\/philsneaker.fr\\\/wp-content\\\/uploads\\\/2024\\\/07\\\/cropped-Logo-temp-PS-1-1.png\",\"contentUrl\":\"https:\\\/\\\/philsneaker.fr\\\/wp-content\\\/uploads\\\/2024\\\/07\\\/cropped-Logo-temp-PS-1-1.png\",\"width\":596,\"height\":596,\"caption\":\"Phil Sneaker\"},\"image\":{\"@id\":\"https:\\\/\\\/philsneaker.fr\\\/#\\\/schema\\\/logo\\\/image\\\/\"}}]}<\/script>\n<!-- \/ Yoast SEO plugin. -->","yoast_head_json":{"title":"Services - Phil Sneaker","robots":{"index":"index","follow":"follow","max-snippet":"max-snippet:-1","max-image-preview":"max-image-preview:large","max-video-preview":"max-video-preview:-1"},"canonical":"https:\/\/philsneaker.fr\/index.php\/services\/","og_locale":"fr_FR","og_type":"article","og_title":"Services - Phil Sneaker","og_description":"Nos Services Phil Sneaker : un savoir-faire Bienvenue dans notre espace d\u00e9di\u00e9 \u00e0 l\u2019art de la cr\u00e9ation. Chez Phil Sneaker, nous cr\u00e9ons vos baskets et v\u00eatements en pi\u00e8ces uniques, alliant savoir-faire et cr\u00e9ativit\u00e9. D\u00e9couvrez nos services de customisation personnalis\u00e9e, nos collaborations exclusives, et notre expertise en r\u00e9novation. Que vous souhaitiez un design sur-mesure ou redonner...","og_url":"https:\/\/philsneaker.fr\/index.php\/services\/","og_site_name":"Phil Sneaker","article_modified_time":"2024-08-01T07:35:35+00:00","og_image":[{"url":"http:\/\/philsneaker.fr\/wp-content\/uploads\/2024\/07\/renov-150x150.png","type":"","width":"","height":""}],"twitter_card":"summary_large_image","twitter_misc":{"Dur\u00e9e de lecture estim\u00e9e":"2 minutes"},"schema":{"@context":"https:\/\/schema.org","@graph":[{"@type":"WebPage","@id":"https:\/\/philsneaker.fr\/index.php\/services\/","url":"https:\/\/philsneaker.fr\/index.php\/services\/","name":"Services - Phil Sneaker","isPartOf":{"@id":"https:\/\/philsneaker.fr\/#website"},"primaryImageOfPage":{"@id":"https:\/\/philsneaker.fr\/index.php\/services\/#primaryimage"},"image":{"@id":"https:\/\/philsneaker.fr\/index.php\/services\/#primaryimage"},"thumbnailUrl":"http:\/\/philsneaker.fr\/wp-content\/uploads\/2024\/07\/renov-150x150.png","datePublished":"2024-07-11T08:59:57+00:00","dateModified":"2024-08-01T07:35:35+00:00","breadcrumb":{"@id":"https:\/\/philsneaker.fr\/index.php\/services\/#breadcrumb"},"inLanguage":"fr-FR","potentialAction":[{"@type":"ReadAction","target":["https:\/\/philsneaker.fr\/index.php\/services\/"]}]},{"@type":"ImageObject","inLanguage":"fr-FR","@id":"https:\/\/philsneaker.fr\/index.php\/services\/#primaryimage","url":"https:\/\/philsneaker.fr\/wp-content\/uploads\/2024\/07\/renov.png","contentUrl":"https:\/\/philsneaker.fr\/wp-content\/uploads\/2024\/07\/renov.png","width":512,"height":512},{"@type":"BreadcrumbList","@id":"https:\/\/philsneaker.fr\/index.php\/services\/#breadcrumb","itemListElement":[{"@type":"ListItem","position":1,"name":"Accueil","item":"https:\/\/philsneaker.fr\/"},{"@type":"ListItem","position":2,"name":"Services"}]},{"@type":"WebSite","@id":"https:\/\/philsneaker.fr\/#website","url":"https:\/\/philsneaker.fr\/","name":"Phil Sneaker","description":"Shoes Restor","publisher":{"@id":"https:\/\/philsneaker.fr\/#organization"},"potentialAction":[{"@type":"SearchAction","target":{"@type":"EntryPoint","urlTemplate":"https:\/\/philsneaker.fr\/?s={search_term_string}"},"query-input":{"@type":"PropertyValueSpecification","valueRequired":true,"valueName":"search_term_string"}}],"inLanguage":"fr-FR"},{"@type":"Organization","@id":"https:\/\/philsneaker.fr\/#organization","name":"Phil Sneaker","url":"https:\/\/philsneaker.fr\/","logo":{"@type":"ImageObject","inLanguage":"fr-FR","@id":"https:\/\/philsneaker.fr\/#\/schema\/logo\/image\/","url":"https:\/\/philsneaker.fr\/wp-content\/uploads\/2024\/07\/cropped-Logo-temp-PS-1-1.png","contentUrl":"https:\/\/philsneaker.fr\/wp-content\/uploads\/2024\/07\/cropped-Logo-temp-PS-1-1.png","width":596,"height":596,"caption":"Phil Sneaker"},"image":{"@id":"https:\/\/philsneaker.fr\/#\/schema\/logo\/image\/"}}]}},"jetpack_sharing_enabled":true,"_links":{"self":[{"href":"https:\/\/philsneaker.fr\/index.php\/wp-json\/wp\/v2\/pages\/211","targetHints":{"allow":["GET"]}}],"collection":[{"href":"https:\/\/philsneaker.fr\/index.php\/wp-json\/wp\/v2\/pages"}],"about":[{"href":"https:\/\/philsneaker.fr\/index.php\/wp-json\/wp\/v2\/types\/page"}],"author":[{"embeddable":true,"href":"https:\/\/philsneaker.fr\/index.php\/wp-json\/wp\/v2\/users\/1"}],"replies":[{"embeddable":true,"href":"https:\/\/philsneaker.fr\/index.php\/wp-json\/wp\/v2\/comments?post=211"}],"version-history":[{"count":89,"href":"https:\/\/philsneaker.fr\/index.php\/wp-json\/wp\/v2\/pages\/211\/revisions"}],"predecessor-version":[{"id":1130,"href":"https:\/\/philsneaker.fr\/index.php\/wp-json\/wp\/v2\/pages\/211\/revisions\/1130"}],"wp:attachment":[{"href":"https:\/\/philsneaker.fr\/index.php\/wp-json\/wp\/v2\/media?parent=211"}],"curies":[{"name":"wp","href":"https:\/\/api.w.org\/{rel}","templated":true}]}}